{"id":46,"date":"2026-03-27T12:12:26","date_gmt":"2026-03-27T12:12:26","guid":{"rendered":"https:\/\/luxrollers.lu\/?page_id=46"},"modified":"2026-04-30T09:43:08","modified_gmt":"2026-04-30T07:43:08","slug":"comite","status":"publish","type":"page","link":"https:\/\/luxrollers.lu\/de\/comite\/","title":{"rendered":"Vorstand"},"content":{"rendered":"<div data-elementor-type=\"wp-page\" data-elementor-id=\"46\" class=\"elementor elementor-46\" data-elementor-post-type=\"page\">\n\t\t\t\t<div class=\"elementor-element elementor-element-a9ed50c e-flex e-con-boxed e-con e-parent\" data-id=\"a9ed50c\" data-element_type=\"container\" data-e-type=\"container\" data-settings=\"{&quot;shape_divider_top&quot;:&quot;mountains&quot;}\">\n\t\t\t\t\t<div class=\"e-con-inner\">\n\t\t\t\t<div class=\"elementor-shape elementor-shape-top\" aria-hidden=\"true\" data-negative=\"false\">\n\t\t\t<svg xmlns=\"http:\/\/www.w3.org\/2000\/svg\" viewbox=\"0 0 1000 100\" preserveaspectratio=\"none\">\n\t<path class=\"elementor-shape-fill\" opacity=\"0.33\" d=\"M473,67.3c-203.9,88.3-263.1-34-320.3,0C66,119.1,0,59.7,0,59.7V0h1000v59.7 c0,0-62.1,26.1-94.9,29.3c-32.8,3.3-62.8-12.3-75.8-22.1C806,49.6,745.3,8.7,694.9,4.7S492.4,59,473,67.3z\"\/>\n\t<path class=\"elementor-shape-fill\" opacity=\"0.66\" d=\"M734,67.3c-45.5,0-77.2-23.2-129.1-39.1c-28.6-8.7-150.3-10.1-254,39.1 s-91.7-34.4-149.2,0C115.7,118.3,0,39.8,0,39.8V0h1000v36.5c0,0-28.2-18.5-92.1-18.5C810.2,18.1,775.7,67.3,734,67.3z\"\/>\n\t<path class=\"elementor-shape-fill\" d=\"M766.1,28.9c-200-57.5-266,65.5-395.1,19.5C242,1.8,242,5.4,184.8,20.6C128,35.8,132.3,44.9,89.9,52.5C28.6,63.7,0,0,0,0 h1000c0,0-9.9,40.9-83.6,48.1S829.6,47,766.1,28.9z\"\/>\n<\/svg>\t\t<\/div>\n\t\t\t\t<div class=\"elementor-element elementor-element-a943b48 elementor-widget elementor-widget-heading\" data-id=\"a943b48\" data-element_type=\"widget\" data-e-type=\"widget\" data-widget_type=\"heading.default\">\n\t\t\t\t\t<h2 class=\"elementor-heading-title elementor-size-default\">Vorstand 2026<\/h2>\t\t\t\t<\/div>\n\t\t\t\t\t<\/div>\n\t\t\t\t<\/div>\n\t\t<div class=\"elementor-element elementor-element-43d99c4 e-flex e-con-boxed elementor-invisible e-con e-parent\" data-id=\"43d99c4\" data-element_type=\"container\" data-e-type=\"container\" data-settings=\"{&quot;animation&quot;:&quot;fadeInUp&quot;}\">\n\t\t\t\t\t<div class=\"e-con-inner\">\n\t\t\t\t\t\t\t\n\t\t<img fetchpriority=\"high\" decoding=\"async\" class=\"e-image-base\" data-interaction-id=\"7b63ef1\" data-e-type=\"widget\" data-id=\"7b63ef1\" id=\"1113\" src=\"https:\/\/luxrollers.lu\/wp-content\/uploads\/2026\/04\/COMITE2026-scaled.jpeg\" width=\"2560\" height=\"1226\" srcset=\"https:\/\/luxrollers.lu\/wp-content\/uploads\/2026\/04\/COMITE2026-scaled.jpeg 2560w, https:\/\/luxrollers.lu\/wp-content\/uploads\/2026\/04\/COMITE2026-300x144.jpeg 300w, https:\/\/luxrollers.lu\/wp-content\/uploads\/2026\/04\/COMITE2026-1024x490.jpeg 1024w, https:\/\/luxrollers.lu\/wp-content\/uploads\/2026\/04\/COMITE2026-768x368.jpeg 768w, https:\/\/luxrollers.lu\/wp-content\/uploads\/2026\/04\/COMITE2026-1536x735.jpeg 1536w, https:\/\/luxrollers.lu\/wp-content\/uploads\/2026\/04\/COMITE2026-2048x980.jpeg 2048w, https:\/\/luxrollers.lu\/wp-content\/uploads\/2026\/04\/COMITE2026-18x9.jpeg 18w\" alt=\"comite2026\" title=\"Vorstand\">\n\t\t\t\t\t\t<\/div>\n\t\t\t\t<\/div>\n\t\t<div class=\"elementor-element elementor-element-9212249 e-flex e-con-boxed e-con e-parent\" data-id=\"9212249\" data-element_type=\"container\" data-e-type=\"container\">\n\t\t\t\t\t<div class=\"e-con-inner\">\n\t\t\t\t<div class=\"elementor-element elementor-element-1544ac3 elementor-invisible elementor-widget elementor-widget-heading\" data-id=\"1544ac3\" data-element_type=\"widget\" data-e-type=\"widget\" data-settings=\"{&quot;_animation&quot;:&quot;fadeInUp&quot;}\" data-widget_type=\"heading.default\">\n\t\t\t\t\t<h2 class=\"elementor-heading-title elementor-size-default\">Mich\u00e8le Medernach, Steve Weber, Raymond Schintgen, Manuel Fonseca, Justine Fisch, Anne Canivet<\/h2>\t\t\t\t<\/div>\n\t\t\t\t<div class=\"elementor-element elementor-element-ef54875 elementor-invisible elementor-widget elementor-widget-html\" data-id=\"ef54875\" data-element_type=\"widget\" data-e-type=\"widget\" data-settings=\"{&quot;_animation&quot;:&quot;fadeInUp&quot;}\" data-widget_type=\"html.default\">\n\t\t\t\t\t<div class=\"tmm tmm_comite\"><div class=\"tmm_3_columns tmm_wrap tmm_plugin_f\"><span class=\"tmm_two_containers_tablet\"><\/span><div class=\"tmm_container\"><div class=\"tmm_member\" style=\"border-top:#1e73be solid 5px;\"><div class=\"tmm_photo tmm_pic_comite_0\" style=\"background: url(https:\/\/luxrollers.lu\/wp-content\/uploads\/2026\/05\/Raym.png); margin-left: auto; margin-right:auto; background-size:cover !important;\"><\/div><div class=\"tmm_textblock\"><div class=\"tmm_names\"><span class=\"tmm_fname\">Raymond<\/span> <span class=\"tmm_lname\">SCHINTGEN<\/span><\/div><div class=\"tmm_job\">Pr\u00e4sident <\/div><div class=\"tmm_scblock\"><\/div><\/div><\/div><div class=\"tmm_member\" style=\"border-top:#1e73be solid 5px;\"><div class=\"tmm_photo tmm_pic_comite_1\" style=\"background: url(https:\/\/luxrollers.lu\/wp-content\/uploads\/2026\/05\/Mich.png); margin-left: auto; margin-right:auto; background-size:cover !important;\"><\/div><div class=\"tmm_textblock\"><div class=\"tmm_names\"><span class=\"tmm_fname\">Michele<\/span> <span class=\"tmm_lname\">MEDERNACH<\/span><\/div><div class=\"tmm_job\">Vizepr\u00e4sidentin<\/div><div class=\"tmm_scblock\"><\/div><\/div><\/div><span class=\"tmm_two_containers_tablet\"><\/span><div class=\"tmm_member\" style=\"border-top:#1e73be solid 5px;\"><div class=\"tmm_photo tmm_pic_comite_2\" style=\"background: url(https:\/\/luxrollers.lu\/wp-content\/uploads\/2026\/05\/Anne-1.png); margin-left: auto; margin-right:auto; background-size:cover !important;\"><\/div><div class=\"tmm_textblock\"><div class=\"tmm_names\"><span class=\"tmm_fname\">Anne<\/span> <span class=\"tmm_lname\">CANIVET<\/span><\/div><div class=\"tmm_job\">Schatzmeisterin <\/div><div class=\"tmm_scblock\"><\/div><\/div><\/div><\/div><span class=\"tmm_columns_containers_desktop\"><\/span><div class=\"tmm_container\"><div class=\"tmm_member\" style=\"border-top:#1e73be solid 5px;\"><div class=\"tmm_photo tmm_pic_comite_3\" style=\"background: url(https:\/\/luxrollers.lu\/wp-content\/uploads\/2026\/04\/WhatsApp_Image_2026-04-25_at_02.38.13_copie-removebg-preview.png); margin-left: auto; margin-right:auto; background-size:cover !important;\"><\/div><div class=\"tmm_textblock\"><div class=\"tmm_names\"><span class=\"tmm_fname\">Manuel<\/span> <span class=\"tmm_lname\">FONSECA<\/span><\/div><div class=\"tmm_job\">Sekret\u00e4r &amp; Sponsoring<\/div><div class=\"tmm_scblock\"><\/div><\/div><\/div><span class=\"tmm_two_containers_tablet\"><\/span><div class=\"tmm_member\" style=\"border-top:#1e73be solid 5px;\"><div class=\"tmm_photo tmm_pic_comite_4\" style=\"background: url(https:\/\/luxrollers.lu\/wp-content\/uploads\/2026\/04\/WhatsApp_Image_2026-04-25_at_02.38.13__5_-removebg-preview.png); margin-left: auto; margin-right:auto; background-size:cover !important;\"><\/div><div class=\"tmm_textblock\"><div class=\"tmm_names\"><span class=\"tmm_fname\">Justine<\/span> <span class=\"tmm_lname\">FISCH<\/span><\/div><div class=\"tmm_job\">Mitglied<\/div><div class=\"tmm_scblock\"><\/div><\/div><\/div><div class=\"tmm_member\" style=\"border-top:#1e73be solid 5px;\"><div class=\"tmm_photo tmm_pic_comite_5\" style=\"background: url(https:\/\/luxrollers.lu\/wp-content\/uploads\/2026\/05\/Wuppy.png); margin-left: auto; margin-right:auto; background-size:cover !important;\"><\/div><div class=\"tmm_textblock\"><div class=\"tmm_names\"><span class=\"tmm_fname\">Steve<\/span> <span class=\"tmm_lname\">WEBER<\/span><\/div><div class=\"tmm_job\">Mitglied <\/div><div class=\"tmm_scblock\"><\/div><\/div><\/div><span class=\"tmm_two_containers_tablet\"><\/span><\/div><span class=\"tmm_columns_containers_desktop\"><\/span><div class=\"tmm_container\"><div class=\"tmm_member\" style=\"border-top:#1e73be solid 5px;\"><div class=\"tmm_photo tmm_pic_comite_6\" style=\"background: url(https:\/\/luxrollers.lu\/wp-content\/uploads\/2026\/04\/Philippe.png); margin-left: auto; margin-right:auto; background-size:cover !important;\"><\/div><div class=\"tmm_textblock\"><div class=\"tmm_names\"><span class=\"tmm_fname\">Philippe<\/span> <span class=\"tmm_lname\">FABER<\/span><\/div><div class=\"tmm_job\">Beziehungen zum RBD<\/div><div class=\"tmm_scblock\"><\/div><\/div><\/div><div style=\"clear:both;\"><\/div><\/div><\/div><\/div>\t\t\t\t<\/div>\n\t\t\t\t\t<\/div>\n\t\t\t\t<\/div>\n\t\t\t\t<\/div>","protected":false},"excerpt":{"rendered":"<p>Comit\u00e9 2026 Mich\u00e8le Medernach, Steve Weber, Raymond Schintgen, Manuel Fonseca, Justine Fisch, Anne Canivet<\/p>","protected":false},"author":1,"featured_media":0,"parent":0,"menu_order":0,"comment_status":"closed","ping_status":"closed","template":"","meta":{"site-sidebar-layout":"no-sidebar","site-content-layout":"","ast-site-content-layout":"full-width-container","site-content-style":"default","site-sidebar-style":"default","ast-global-header-display":"","ast-banner-title-visibility":"","ast-main-header-display":"","ast-hfb-above-header-display":"","ast-hfb-below-header-display":"","ast-hfb-mobile-header-display":"","site-post-title":"disabled","ast-breadcrumbs-content":"","ast-featured-img":"disabled","footer-sml-layout":"","ast-disable-related-posts":"","theme-transparent-header-meta":"","adv-header-id-meta":"","stick-header-meta":"","header-above-stick-meta":"","header-main-stick-meta":"","header-below-stick-meta":"","astra-migrate-meta-layouts":"default","ast-page-background-enabled":"default","ast-page-background-meta":{"desktop":{"background-color":"var(--ast-global-color-5)","background-image":"","background-repeat":"repeat","background-position":"center center","background-size":"auto","background-attachment":"scroll","background-type":"","background-media":"","overlay-type":"","overlay-color":"","overlay-opacity":"","overlay-gradient":""},"tablet":{"background-color":"","background-image":"","background-repeat":"repeat","background-position":"center center","background-size":"auto","background-attachment":"scroll","background-type":"","background-media":"","overlay-type":"","overlay-color":"","overlay-opacity":"","overlay-gradient":""},"mobile":{"background-color":"","background-image":"","background-repeat":"repeat","background-position":"center center","background-size":"auto","background-attachment":"scroll","background-type":"","background-media":"","overlay-type":"","overlay-color":"","overlay-opacity":"","overlay-gradient":""}},"ast-content-background-meta":{"desktop":{"background-color":"var(--ast-global-color-4)","background-image":"","background-repeat":"repeat","background-position":"center center","background-size":"auto","background-attachment":"scroll","background-type":"","background-media":"","overlay-type":"","overlay-color":"","overlay-opacity":"","overlay-gradient":""},"tablet":{"background-color":"var(--ast-global-color-4)","background-image":"","background-repeat":"repeat","background-position":"center center","background-size":"auto","background-attachment":"scroll","background-type":"","background-media":"","overlay-type":"","overlay-color":"","overlay-opacity":"","overlay-gradient":""},"mobile":{"background-color":"var(--ast-global-color-4)","background-image":"","background-repeat":"repeat","background-position":"center center","background-size":"auto","background-attachment":"scroll","background-type":"","background-media":"","overlay-type":"","overlay-color":"","overlay-opacity":"","overlay-gradient":""}},"footnotes":""},"class_list":["post-46","page","type-page","status-publish","hentry"],"yoast_head":"<!-- This site is optimized with the Yoast SEO plugin v27.4 - https:\/\/yoast.com\/product\/yoast-seo-wordpress\/ -->\n<title>Comit\u00e9 - Lux Rollers<\/title>\n<meta name=\"robots\" content=\"index, follow, max-snippet:-1, max-image-preview:large, max-video-preview:-1\" \/>\n<link rel=\"canonical\" href=\"https:\/\/luxrollers.lu\/de\/comite\/\" \/>\n<meta property=\"og:locale\" content=\"de_DE\" \/>\n<meta property=\"og:type\" content=\"article\" \/>\n<meta property=\"og:title\" content=\"Comit\u00e9 - Lux Rollers\" \/>\n<meta property=\"og:description\" content=\"Comit\u00e9 2026 Mich\u00e8le Medernach, Steve Weber, Raymond Schintgen, Manuel Fonseca, Justine Fisch, Anne Canivet\" \/>\n<meta property=\"og:url\" content=\"https:\/\/luxrollers.lu\/de\/comite\/\" \/>\n<meta property=\"og:site_name\" content=\"Lux Rollers\" \/>\n<meta property=\"article:modified_time\" content=\"2026-04-30T07:43:08+00:00\" \/>\n<meta property=\"og:image\" content=\"https:\/\/luxrollers.lu\/wp-content\/uploads\/2026\/04\/COMITE2026-scaled.jpeg\" \/>\n<meta name=\"twitter:card\" content=\"summary_large_image\" \/>\n<meta name=\"twitter:label1\" content=\"Gesch\u00e4tzte Lesezeit\" \/>\n\t<meta name=\"twitter:data1\" content=\"1\u00a0Minute\" \/>\n<script type=\"application\/ld+json\" class=\"yoast-schema-graph\">{\"@context\":\"https:\\\/\\\/schema.org\",\"@graph\":[{\"@type\":\"WebPage\",\"@id\":\"https:\\\/\\\/luxrollers.lu\\\/comite\\\/\",\"url\":\"https:\\\/\\\/luxrollers.lu\\\/comite\\\/\",\"name\":\"Comit\u00e9 - Lux Rollers\",\"isPartOf\":{\"@id\":\"https:\\\/\\\/luxrollers.lu\\\/#website\"},\"primaryImageOfPage\":{\"@id\":\"https:\\\/\\\/luxrollers.lu\\\/comite\\\/#primaryimage\"},\"image\":{\"@id\":\"https:\\\/\\\/luxrollers.lu\\\/comite\\\/#primaryimage\"},\"thumbnailUrl\":\"https:\\\/\\\/luxrollers.lu\\\/wp-content\\\/uploads\\\/2026\\\/04\\\/COMITE2026-scaled.jpeg\",\"datePublished\":\"2026-03-27T12:12:26+00:00\",\"dateModified\":\"2026-04-30T07:43:08+00:00\",\"breadcrumb\":{\"@id\":\"https:\\\/\\\/luxrollers.lu\\\/comite\\\/#breadcrumb\"},\"inLanguage\":\"de\",\"potentialAction\":[{\"@type\":\"ReadAction\",\"target\":[\"https:\\\/\\\/luxrollers.lu\\\/comite\\\/\"]}]},{\"@type\":\"ImageObject\",\"inLanguage\":\"de\",\"@id\":\"https:\\\/\\\/luxrollers.lu\\\/comite\\\/#primaryimage\",\"url\":\"https:\\\/\\\/luxrollers.lu\\\/wp-content\\\/uploads\\\/2026\\\/04\\\/COMITE2026-scaled.jpeg\",\"contentUrl\":\"https:\\\/\\\/luxrollers.lu\\\/wp-content\\\/uploads\\\/2026\\\/04\\\/COMITE2026-scaled.jpeg\"},{\"@type\":\"BreadcrumbList\",\"@id\":\"https:\\\/\\\/luxrollers.lu\\\/comite\\\/#breadcrumb\",\"itemListElement\":[{\"@type\":\"ListItem\",\"position\":1,\"name\":\"Home\",\"item\":\"https:\\\/\\\/luxrollers.lu\\\/\"},{\"@type\":\"ListItem\",\"position\":2,\"name\":\"Comit\u00e9\"}]},{\"@type\":\"WebSite\",\"@id\":\"https:\\\/\\\/luxrollers.lu\\\/#website\",\"url\":\"https:\\\/\\\/luxrollers.lu\\\/\",\"name\":\"Lux Rollers\",\"description\":\"\",\"publisher\":{\"@id\":\"https:\\\/\\\/luxrollers.lu\\\/#organization\"},\"potentialAction\":[{\"@type\":\"SearchAction\",\"target\":{\"@type\":\"EntryPoint\",\"urlTemplate\":\"https:\\\/\\\/luxrollers.lu\\\/?s={search_term_string}\"},\"query-input\":{\"@type\":\"PropertyValueSpecification\",\"valueRequired\":true,\"valueName\":\"search_term_string\"}}],\"inLanguage\":\"de\"},{\"@type\":\"Organization\",\"@id\":\"https:\\\/\\\/luxrollers.lu\\\/#organization\",\"name\":\"Lux Rollers\",\"url\":\"https:\\\/\\\/luxrollers.lu\\\/\",\"logo\":{\"@type\":\"ImageObject\",\"inLanguage\":\"de\",\"@id\":\"https:\\\/\\\/luxrollers.lu\\\/#\\\/schema\\\/logo\\\/image\\\/\",\"url\":\"https:\\\/\\\/luxrollers.lu\\\/wp-content\\\/uploads\\\/2026\\\/03\\\/cropped-cropped-Logo-Coeur-Luxrollers-pdf-copie.png\",\"contentUrl\":\"https:\\\/\\\/luxrollers.lu\\\/wp-content\\\/uploads\\\/2026\\\/03\\\/cropped-cropped-Logo-Coeur-Luxrollers-pdf-copie.png\",\"width\":512,\"height\":512,\"caption\":\"Lux Rollers\"},\"image\":{\"@id\":\"https:\\\/\\\/luxrollers.lu\\\/#\\\/schema\\\/logo\\\/image\\\/\"}}]}<\/script>\n<!-- \/ Yoast SEO plugin. -->","yoast_head_json":{"title":"Comit\u00e9 - Lux Rollers","robots":{"index":"index","follow":"follow","max-snippet":"max-snippet:-1","max-image-preview":"max-image-preview:large","max-video-preview":"max-video-preview:-1"},"canonical":"https:\/\/luxrollers.lu\/de\/comite\/","og_locale":"de_DE","og_type":"article","og_title":"Comit\u00e9 - Lux Rollers","og_description":"Comit\u00e9 2026 Mich\u00e8le Medernach, Steve Weber, Raymond Schintgen, Manuel Fonseca, Justine Fisch, Anne Canivet","og_url":"https:\/\/luxrollers.lu\/de\/comite\/","og_site_name":"Lux Rollers","article_modified_time":"2026-04-30T07:43:08+00:00","og_image":[{"url":"https:\/\/luxrollers.lu\/wp-content\/uploads\/2026\/04\/COMITE2026-scaled.jpeg","type":"","width":"","height":""}],"twitter_card":"summary_large_image","twitter_misc":{"Gesch\u00e4tzte Lesezeit":"1\u00a0Minute"},"schema":{"@context":"https:\/\/schema.org","@graph":[{"@type":"WebPage","@id":"https:\/\/luxrollers.lu\/comite\/","url":"https:\/\/luxrollers.lu\/comite\/","name":"Comit\u00e9 - Lux Rollers","isPartOf":{"@id":"https:\/\/luxrollers.lu\/#website"},"primaryImageOfPage":{"@id":"https:\/\/luxrollers.lu\/comite\/#primaryimage"},"image":{"@id":"https:\/\/luxrollers.lu\/comite\/#primaryimage"},"thumbnailUrl":"https:\/\/luxrollers.lu\/wp-content\/uploads\/2026\/04\/COMITE2026-scaled.jpeg","datePublished":"2026-03-27T12:12:26+00:00","dateModified":"2026-04-30T07:43:08+00:00","breadcrumb":{"@id":"https:\/\/luxrollers.lu\/comite\/#breadcrumb"},"inLanguage":"de","potentialAction":[{"@type":"ReadAction","target":["https:\/\/luxrollers.lu\/comite\/"]}]},{"@type":"ImageObject","inLanguage":"de","@id":"https:\/\/luxrollers.lu\/comite\/#primaryimage","url":"https:\/\/luxrollers.lu\/wp-content\/uploads\/2026\/04\/COMITE2026-scaled.jpeg","contentUrl":"https:\/\/luxrollers.lu\/wp-content\/uploads\/2026\/04\/COMITE2026-scaled.jpeg"},{"@type":"BreadcrumbList","@id":"https:\/\/luxrollers.lu\/comite\/#breadcrumb","itemListElement":[{"@type":"ListItem","position":1,"name":"Home","item":"https:\/\/luxrollers.lu\/"},{"@type":"ListItem","position":2,"name":"Comit\u00e9"}]},{"@type":"WebSite","@id":"https:\/\/luxrollers.lu\/#website","url":"https:\/\/luxrollers.lu\/","name":"Lux Rollers","description":"","publisher":{"@id":"https:\/\/luxrollers.lu\/#organization"},"potentialAction":[{"@type":"SearchAction","target":{"@type":"EntryPoint","urlTemplate":"https:\/\/luxrollers.lu\/?s={search_term_string}"},"query-input":{"@type":"PropertyValueSpecification","valueRequired":true,"valueName":"search_term_string"}}],"inLanguage":"de"},{"@type":"Organization","@id":"https:\/\/luxrollers.lu\/#organization","name":"Lux Rollers","url":"https:\/\/luxrollers.lu\/","logo":{"@type":"ImageObject","inLanguage":"de","@id":"https:\/\/luxrollers.lu\/#\/schema\/logo\/image\/","url":"https:\/\/luxrollers.lu\/wp-content\/uploads\/2026\/03\/cropped-cropped-Logo-Coeur-Luxrollers-pdf-copie.png","contentUrl":"https:\/\/luxrollers.lu\/wp-content\/uploads\/2026\/03\/cropped-cropped-Logo-Coeur-Luxrollers-pdf-copie.png","width":512,"height":512,"caption":"Lux Rollers"},"image":{"@id":"https:\/\/luxrollers.lu\/#\/schema\/logo\/image\/"}}]}},"_links":{"self":[{"href":"https:\/\/luxrollers.lu\/de\/wp-json\/wp\/v2\/pages\/46","targetHints":{"allow":["GET"]}}],"collection":[{"href":"https:\/\/luxrollers.lu\/de\/wp-json\/wp\/v2\/pages"}],"about":[{"href":"https:\/\/luxrollers.lu\/de\/wp-json\/wp\/v2\/types\/page"}],"author":[{"embeddable":true,"href":"https:\/\/luxrollers.lu\/de\/wp-json\/wp\/v2\/users\/1"}],"replies":[{"embeddable":true,"href":"https:\/\/luxrollers.lu\/de\/wp-json\/wp\/v2\/comments?post=46"}],"version-history":[{"count":40,"href":"https:\/\/luxrollers.lu\/de\/wp-json\/wp\/v2\/pages\/46\/revisions"}],"predecessor-version":[{"id":1253,"href":"https:\/\/luxrollers.lu\/de\/wp-json\/wp\/v2\/pages\/46\/revisions\/1253"}],"wp:attachment":[{"href":"https:\/\/luxrollers.lu\/de\/wp-json\/wp\/v2\/media?parent=46"}],"curies":[{"name":"wp","href":"https:\/\/api.w.org\/{rel}","templated":true}]}}