{"id":54,"date":"2026-03-27T12:12:47","date_gmt":"2026-03-27T12:12:47","guid":{"rendered":"https:\/\/luxrollers.lu\/?page_id=54"},"modified":"2026-04-30T09:49:43","modified_gmt":"2026-04-30T07:49:43","slug":"historique","status":"publish","type":"page","link":"https:\/\/luxrollers.lu\/de\/historique\/","title":{"rendered":"Geschichte"},"content":{"rendered":"<div data-elementor-type=\"wp-page\" data-elementor-id=\"54\" class=\"elementor elementor-54\" data-elementor-post-type=\"page\">\n\t\t\t\t<div class=\"elementor-element elementor-element-b02baee e-flex e-con-boxed e-con e-parent\" data-id=\"b02baee\" data-element_type=\"container\" data-e-type=\"container\" data-settings=\"{&quot;shape_divider_top&quot;:&quot;mountains&quot;}\">\n\t\t\t\t\t<div class=\"e-con-inner\">\n\t\t\t\t<div class=\"elementor-shape elementor-shape-top\" aria-hidden=\"true\" data-negative=\"false\">\n\t\t\t<svg xmlns=\"http:\/\/www.w3.org\/2000\/svg\" viewbox=\"0 0 1000 100\" preserveaspectratio=\"none\">\n\t<path class=\"elementor-shape-fill\" opacity=\"0.33\" d=\"M473,67.3c-203.9,88.3-263.1-34-320.3,0C66,119.1,0,59.7,0,59.7V0h1000v59.7 c0,0-62.1,26.1-94.9,29.3c-32.8,3.3-62.8-12.3-75.8-22.1C806,49.6,745.3,8.7,694.9,4.7S492.4,59,473,67.3z\"\/>\n\t<path class=\"elementor-shape-fill\" opacity=\"0.66\" d=\"M734,67.3c-45.5,0-77.2-23.2-129.1-39.1c-28.6-8.7-150.3-10.1-254,39.1 s-91.7-34.4-149.2,0C115.7,118.3,0,39.8,0,39.8V0h1000v36.5c0,0-28.2-18.5-92.1-18.5C810.2,18.1,775.7,67.3,734,67.3z\"\/>\n\t<path class=\"elementor-shape-fill\" d=\"M766.1,28.9c-200-57.5-266,65.5-395.1,19.5C242,1.8,242,5.4,184.8,20.6C128,35.8,132.3,44.9,89.9,52.5C28.6,63.7,0,0,0,0 h1000c0,0-9.9,40.9-83.6,48.1S829.6,47,766.1,28.9z\"\/>\n<\/svg>\t\t<\/div>\n\t\t\t\t<div class=\"elementor-element elementor-element-3a541db elementor-widget elementor-widget-heading\" data-id=\"3a541db\" data-element_type=\"widget\" data-e-type=\"widget\" data-widget_type=\"heading.default\">\n\t\t\t\t\t<h2 class=\"elementor-heading-title elementor-size-default\">\ud83c\udfc0 Geschichte der Lux Rollers seit 1987<\/h2>\t\t\t\t<\/div>\n\t\t\t\t\t<\/div>\n\t\t\t\t<\/div>\n\t\t<div class=\"elementor-element elementor-element-9dbe284 e-flex e-con-boxed e-con e-parent\" data-id=\"9dbe284\" data-element_type=\"container\" data-e-type=\"container\">\n\t\t\t\t\t<div class=\"e-con-inner\">\n\t\t\t\t<div class=\"elementor-element elementor-element-3d813cf elementor-drop-cap-yes elementor-drop-cap-view-default elementor-widget elementor-widget-text-editor\" data-id=\"3d813cf\" data-element_type=\"widget\" data-e-type=\"widget\" data-settings=\"{&quot;drop_cap&quot;:&quot;yes&quot;}\" data-widget_type=\"text-editor.default\">\n\t\t\t\t\t\t\t\t\t<p><em><strong>\ud83c\udfc0 Geschichte der Lux Rollers<\/strong><\/em><\/p><p>\ud83d\udd39 <strong>Die Anf\u00e4nge (1980er Jahre)<\/strong><\/p><p>Die Lux Rollers wurden 1987 gegr\u00fcndet, zu einer Zeit, als der Sport f\u00fcr Menschen mit Behinderung in Luxemburg noch wenig entwickelt war.<br \/>Anfangs handelte es sich um eine kleine Gruppe leidenschaftlicher Basketballspieler, die trotz ihrer Behinderung weiterspielen wollten und deshalb ihre eigene Mannschaft gr\u00fcndeten.<\/p><p>\ud83d\udd39 <strong>Strukturierung des Vereins (1990er\u20132000er Jahre)<\/strong><\/p><p>Im Laufe der Jahre entwickelte sich der Verein weiter:<\/p><ul><li>Einf\u00fchrung regelm\u00e4\u00dfiger Trainings<\/li><li>Teilnahme an Turnieren im Ausland<\/li><li>Engagement in offiziellen Wettbewerben, haupts\u00e4chlich in Deutschland, da es in Luxemburg keine nationale Liga gibt<\/li><\/ul><p>Die Lux Rollers wurden zu einem Vorreiter des inklusiven Sports in Luxemburg.<\/p><p>\ud83d\udd39 <strong>Entwicklung und Anerkennung (2000er\u20132010er Jahre)<\/strong><\/p><p>Der Verein gewann zunehmend an Bekanntheit:<\/p><ul><li>Teilnahme an internationalen Wettbewerben<\/li><li>Aufbau von Partnerschaften<\/li><li>erste Sensibilisierungsaktionen (Schulen, Veranstaltungen)<\/li><\/ul><p>Die Lux Rollers wurden weit mehr als nur eine Mannschaft \u2013 sie wurden zu einem wichtigen Akteur f\u00fcr Inklusion durch Sport.<\/p><p>\ud83d\udd39 <strong>Modernit\u00e4t und Engagement (2010 \u2013 heute)<\/strong><\/p><p>Der Verein hat sich weiter professionalisiert:<\/p><ul><li>Verbesserung der Organisation und Kommunikation<\/li><li>Einf\u00fchrung von Workshops und Vorf\u00fchrungen<\/li><li>\u00d6ffnung f\u00fcr internationale sowie auch nichtbehinderte Spieler<\/li><\/ul><p>Heute sind die Lux Rollers:<\/p><ul><li>ein Symbol der Inklusion in Luxemburg<\/li><li>ein Botschafter Luxemburgs im Ausland<\/li><li>ein Verein, der beweist, dass eine Behinderung keine Grenze f\u00fcr Leistung ist<\/li><\/ul>\t\t\t\t\t\t\t\t<\/div>\n\t\t\t\t<div class=\"elementor-element elementor-element-28097a2 elementor-widget elementor-widget-image\" data-id=\"28097a2\" data-element_type=\"widget\" data-e-type=\"widget\" data-widget_type=\"image.default\">\n\t\t\t\t\t\t\t\t\t\t\t\t\t\t\t\t<a href=\"https:\/\/luxrollers.lu\/wp-content\/uploads\/2026\/03\/IMG_1248.jpg\" data-elementor-open-lightbox=\"yes\" data-elementor-lightbox-title=\"img 1248\" data-e-action-hash=\"#elementor-action%3Aaction%3Dlightbox%26settings%3DeyJpZCI6NDI0LCJ1cmwiOiJodHRwczpcL1wvbHV4cm9sbGVycy5sdVwvd3AtY29udGVudFwvdXBsb2Fkc1wvMjAyNlwvMDNcL0lNR18xMjQ4LmpwZyJ9\">\n\t\t\t\t\t\t\t<img fetchpriority=\"high\" decoding=\"async\" width=\"1024\" height=\"683\" src=\"https:\/\/luxrollers.lu\/wp-content\/uploads\/2026\/03\/IMG_1248-1024x683.jpg\" class=\"attachment-large size-large wp-image-424\" alt=\"img 1248\" srcset=\"https:\/\/luxrollers.lu\/wp-content\/uploads\/2026\/03\/IMG_1248-1024x683.jpg 1024w, https:\/\/luxrollers.lu\/wp-content\/uploads\/2026\/03\/IMG_1248-300x200.jpg 300w, https:\/\/luxrollers.lu\/wp-content\/uploads\/2026\/03\/IMG_1248-768x512.jpg 768w, https:\/\/luxrollers.lu\/wp-content\/uploads\/2026\/03\/IMG_1248-18x12.jpg 18w, https:\/\/luxrollers.lu\/wp-content\/uploads\/2026\/03\/IMG_1248.jpg 1479w\" sizes=\"(max-width: 1024px) 100vw, 1024px\" title=\"Geschichte\">\t\t\t\t\t\t\t\t<\/a>\n\t\t\t\t\t\t\t\t\t\t\t\t\t\t\t<\/div>\n\t\t\t\t\t<\/div>\n\t\t\t\t<\/div>\n\t\t<div class=\"elementor-element elementor-element-6986002 e-flex e-con-boxed e-con e-parent\" data-id=\"6986002\" data-element_type=\"container\" data-e-type=\"container\">\n\t\t\t\t\t<div class=\"e-con-inner\">\n\t\t<div class=\"elementor-element elementor-element-339619c e-con-full e-flex e-con e-child\" data-id=\"339619c\" data-element_type=\"container\" data-e-type=\"container\">\n\t\t\t\t<div class=\"elementor-element elementor-element-db814c3 elementor-widget elementor-widget-text-editor\" data-id=\"db814c3\" data-element_type=\"widget\" data-e-type=\"widget\" data-widget_type=\"text-editor.default\">\n\t\t\t\t\t\t\t\t\t<p data-start=\"0\" data-end=\"22\"><em>\ud83d\udca1 <strong data-start=\"3\" data-end=\"22\">Werte des Verein<\/strong><\/em><\/p><p data-start=\"24\" data-end=\"73\">Seit ihrer Gr\u00fcndung verk\u00f6rpern die Lux Rollers:<\/p><ul data-start=\"75\" data-end=\"135\"><li data-section-id=\"1bpko32\" data-start=\"75\" data-end=\"92\"><strong data-start=\"77\" data-end=\"90\">Inklusion<\/strong><\/li><li data-section-id=\"tk3jm9\" data-start=\"93\" data-end=\"108\"><strong data-start=\"95\" data-end=\"106\">Leidenschaft<\/strong><\/li><li data-section-id=\"1g1v0t3\" data-start=\"109\" data-end=\"135\"><strong data-start=\"111\" data-end=\"133\">\u00dcber-sich-Hinauswachsen<\/strong><\/li><\/ul>\t\t\t\t\t\t\t\t<\/div>\n\t\t\t\t<\/div>\n\t\t<div class=\"elementor-element elementor-element-37f814e e-con-full e-flex e-con e-child\" data-id=\"37f814e\" data-element_type=\"container\" data-e-type=\"container\">\n\t\t\t\t<div class=\"elementor-element elementor-element-f93ab0c elementor-widget elementor-widget-text-editor\" data-id=\"f93ab0c\" data-element_type=\"widget\" data-e-type=\"widget\" data-widget_type=\"text-editor.default\">\n\t\t\t\t\t\t\t\t\t<p><em><strong>\ud83d\udc49 Fazit<\/strong><\/em><\/p><p>Die Lux Rollers sind weit mehr als nur ein Sportverein.<br \/>Sie stehen f\u00fcr fast 40 Jahre Engagement, Ehrenamt und den Stolz, Luxemburg international zu vertreten.<\/p>\t\t\t\t\t\t\t\t<\/div>\n\t\t\t\t<\/div>\n\t\t\t\t\t<\/div>\n\t\t\t\t<\/div>\n\t\t<div class=\"elementor-element elementor-element-9d4ad57 e-flex e-con-boxed e-con e-parent\" data-id=\"9d4ad57\" data-element_type=\"container\" data-e-type=\"container\">\n\t\t\t\t\t<div class=\"e-con-inner\">\n\t\t\t\t<div class=\"elementor-element elementor-element-123d356 elementor-widget-divider--view-line elementor-widget elementor-widget-divider\" data-id=\"123d356\" data-element_type=\"widget\" data-e-type=\"widget\" data-widget_type=\"divider.default\">\n\t\t\t\t\t\t\t<div class=\"elementor-divider\">\n\t\t\t<span class=\"elementor-divider-separator\">\n\t\t\t\t\t\t<\/span>\n\t\t<\/div>\n\t\t\t\t\t\t<\/div>\n\t\t\t\t\t<\/div>\n\t\t\t\t<\/div>\n\t\t\t\t<\/div>","protected":false},"excerpt":{"rendered":"<p>\ud83c\udfc0 Histoire des Lux Rollers depuis 1987 \ud83c\udfc0 Histoire des Lux Rollers \ud83d\udd39 Les d\u00e9buts (ann\u00e9es 1980) Les Lux Rollers [&hellip;]<\/p>\n","protected":false},"author":1,"featured_media":0,"parent":0,"menu_order":0,"comment_status":"closed","ping_status":"closed","template":"","meta":{"site-sidebar-layout":"no-sidebar","site-content-layout":"","ast-site-content-layout":"full-width-container","site-content-style":"default","site-sidebar-style":"default","ast-global-header-display":"","ast-banner-title-visibility":"","ast-main-header-display":"","ast-hfb-above-header-display":"","ast-hfb-below-header-display":"","ast-hfb-mobile-header-display":"","site-post-title":"disabled","ast-breadcrumbs-content":"","ast-featured-img":"disabled","footer-sml-layout":"","ast-disable-related-posts":"","theme-transparent-header-meta":"","adv-header-id-meta":"","stick-header-meta":"","header-above-stick-meta":"","header-main-stick-meta":"","header-below-stick-meta":"","astra-migrate-meta-layouts":"default","ast-page-background-enabled":"default","ast-page-background-meta":{"desktop":{"background-color":"var(--ast-global-color-5)","background-image":"","background-repeat":"repeat","background-position":"center center","background-size":"auto","background-attachment":"scroll","background-type":"","background-media":"","overlay-type":"","overlay-color":"","overlay-opacity":"","overlay-gradient":""},"tablet":{"background-color":"","background-image":"","background-repeat":"repeat","background-position":"center center","background-size":"auto","background-attachment":"scroll","background-type":"","background-media":"","overlay-type":"","overlay-color":"","overlay-opacity":"","overlay-gradient":""},"mobile":{"background-color":"","background-image":"","background-repeat":"repeat","background-position":"center center","background-size":"auto","background-attachment":"scroll","background-type":"","background-media":"","overlay-type":"","overlay-color":"","overlay-opacity":"","overlay-gradient":""}},"ast-content-background-meta":{"desktop":{"background-color":"var(--ast-global-color-4)","background-image":"","background-repeat":"repeat","background-position":"center center","background-size":"auto","background-attachment":"scroll","background-type":"","background-media":"","overlay-type":"","overlay-color":"","overlay-opacity":"","overlay-gradient":""},"tablet":{"background-color":"var(--ast-global-color-4)","background-image":"","background-repeat":"repeat","background-position":"center center","background-size":"auto","background-attachment":"scroll","background-type":"","background-media":"","overlay-type":"","overlay-color":"","overlay-opacity":"","overlay-gradient":""},"mobile":{"background-color":"var(--ast-global-color-4)","background-image":"","background-repeat":"repeat","background-position":"center center","background-size":"auto","background-attachment":"scroll","background-type":"","background-media":"","overlay-type":"","overlay-color":"","overlay-opacity":"","overlay-gradient":""}},"footnotes":""},"class_list":["post-54","page","type-page","status-publish","hentry"],"yoast_head":"<!-- This site is optimized with the Yoast SEO plugin v27.4 - https:\/\/yoast.com\/product\/yoast-seo-wordpress\/ -->\n<title>Historique - Lux Rollers<\/title>\n<meta name=\"robots\" content=\"index, follow, max-snippet:-1, max-image-preview:large, max-video-preview:-1\" \/>\n<link rel=\"canonical\" href=\"https:\/\/luxrollers.lu\/de\/historique\/\" \/>\n<meta property=\"og:locale\" content=\"de_DE\" \/>\n<meta property=\"og:type\" content=\"article\" \/>\n<meta property=\"og:title\" content=\"Historique - Lux Rollers\" \/>\n<meta property=\"og:description\" content=\"\ud83c\udfc0 Histoire des Lux Rollers depuis 1987 \ud83c\udfc0 Histoire des Lux Rollers \ud83d\udd39 Les d\u00e9buts (ann\u00e9es 1980) Les Lux Rollers [&hellip;]\" \/>\n<meta property=\"og:url\" content=\"https:\/\/luxrollers.lu\/de\/historique\/\" \/>\n<meta property=\"og:site_name\" content=\"Lux Rollers\" \/>\n<meta property=\"article:modified_time\" content=\"2026-04-30T07:49:43+00:00\" \/>\n<meta property=\"og:image\" content=\"https:\/\/luxrollers.lu\/wp-content\/uploads\/2026\/03\/IMG_1248.jpg\" \/>\n\t<meta property=\"og:image:width\" content=\"1479\" \/>\n\t<meta property=\"og:image:height\" content=\"986\" \/>\n\t<meta property=\"og:image:type\" content=\"image\/jpeg\" \/>\n<meta name=\"twitter:card\" content=\"summary_large_image\" \/>\n<meta name=\"twitter:label1\" content=\"Gesch\u00e4tzte Lesezeit\" \/>\n\t<meta name=\"twitter:data1\" content=\"3\u00a0Minuten\" \/>\n<script type=\"application\/ld+json\" class=\"yoast-schema-graph\">{\"@context\":\"https:\\\/\\\/schema.org\",\"@graph\":[{\"@type\":\"WebPage\",\"@id\":\"https:\\\/\\\/luxrollers.lu\\\/historique\\\/\",\"url\":\"https:\\\/\\\/luxrollers.lu\\\/historique\\\/\",\"name\":\"Historique - Lux Rollers\",\"isPartOf\":{\"@id\":\"https:\\\/\\\/luxrollers.lu\\\/#website\"},\"primaryImageOfPage\":{\"@id\":\"https:\\\/\\\/luxrollers.lu\\\/historique\\\/#primaryimage\"},\"image\":{\"@id\":\"https:\\\/\\\/luxrollers.lu\\\/historique\\\/#primaryimage\"},\"thumbnailUrl\":\"https:\\\/\\\/luxrollers.lu\\\/wp-content\\\/uploads\\\/2026\\\/03\\\/IMG_1248-1024x683.jpg\",\"datePublished\":\"2026-03-27T12:12:47+00:00\",\"dateModified\":\"2026-04-30T07:49:43+00:00\",\"breadcrumb\":{\"@id\":\"https:\\\/\\\/luxrollers.lu\\\/historique\\\/#breadcrumb\"},\"inLanguage\":\"de\",\"potentialAction\":[{\"@type\":\"ReadAction\",\"target\":[\"https:\\\/\\\/luxrollers.lu\\\/historique\\\/\"]}]},{\"@type\":\"ImageObject\",\"inLanguage\":\"de\",\"@id\":\"https:\\\/\\\/luxrollers.lu\\\/historique\\\/#primaryimage\",\"url\":\"https:\\\/\\\/luxrollers.lu\\\/wp-content\\\/uploads\\\/2026\\\/03\\\/IMG_1248-1024x683.jpg\",\"contentUrl\":\"https:\\\/\\\/luxrollers.lu\\\/wp-content\\\/uploads\\\/2026\\\/03\\\/IMG_1248-1024x683.jpg\"},{\"@type\":\"BreadcrumbList\",\"@id\":\"https:\\\/\\\/luxrollers.lu\\\/historique\\\/#breadcrumb\",\"itemListElement\":[{\"@type\":\"ListItem\",\"position\":1,\"name\":\"Home\",\"item\":\"https:\\\/\\\/luxrollers.lu\\\/\"},{\"@type\":\"ListItem\",\"position\":2,\"name\":\"Historique\"}]},{\"@type\":\"WebSite\",\"@id\":\"https:\\\/\\\/luxrollers.lu\\\/#website\",\"url\":\"https:\\\/\\\/luxrollers.lu\\\/\",\"name\":\"Lux Rollers\",\"description\":\"\",\"publisher\":{\"@id\":\"https:\\\/\\\/luxrollers.lu\\\/#organization\"},\"potentialAction\":[{\"@type\":\"SearchAction\",\"target\":{\"@type\":\"EntryPoint\",\"urlTemplate\":\"https:\\\/\\\/luxrollers.lu\\\/?s={search_term_string}\"},\"query-input\":{\"@type\":\"PropertyValueSpecification\",\"valueRequired\":true,\"valueName\":\"search_term_string\"}}],\"inLanguage\":\"de\"},{\"@type\":\"Organization\",\"@id\":\"https:\\\/\\\/luxrollers.lu\\\/#organization\",\"name\":\"Lux Rollers\",\"url\":\"https:\\\/\\\/luxrollers.lu\\\/\",\"logo\":{\"@type\":\"ImageObject\",\"inLanguage\":\"de\",\"@id\":\"https:\\\/\\\/luxrollers.lu\\\/#\\\/schema\\\/logo\\\/image\\\/\",\"url\":\"https:\\\/\\\/luxrollers.lu\\\/wp-content\\\/uploads\\\/2026\\\/03\\\/cropped-cropped-Logo-Coeur-Luxrollers-pdf-copie.png\",\"contentUrl\":\"https:\\\/\\\/luxrollers.lu\\\/wp-content\\\/uploads\\\/2026\\\/03\\\/cropped-cropped-Logo-Coeur-Luxrollers-pdf-copie.png\",\"width\":512,\"height\":512,\"caption\":\"Lux Rollers\"},\"image\":{\"@id\":\"https:\\\/\\\/luxrollers.lu\\\/#\\\/schema\\\/logo\\\/image\\\/\"}}]}<\/script>\n<!-- \/ Yoast SEO plugin. -->","yoast_head_json":{"title":"Historique - Lux Rollers","robots":{"index":"index","follow":"follow","max-snippet":"max-snippet:-1","max-image-preview":"max-image-preview:large","max-video-preview":"max-video-preview:-1"},"canonical":"https:\/\/luxrollers.lu\/de\/historique\/","og_locale":"de_DE","og_type":"article","og_title":"Historique - Lux Rollers","og_description":"\ud83c\udfc0 Histoire des Lux Rollers depuis 1987 \ud83c\udfc0 Histoire des Lux Rollers \ud83d\udd39 Les d\u00e9buts (ann\u00e9es 1980) Les Lux Rollers [&hellip;]","og_url":"https:\/\/luxrollers.lu\/de\/historique\/","og_site_name":"Lux Rollers","article_modified_time":"2026-04-30T07:49:43+00:00","og_image":[{"width":1479,"height":986,"url":"https:\/\/luxrollers.lu\/wp-content\/uploads\/2026\/03\/IMG_1248.jpg","type":"image\/jpeg"}],"twitter_card":"summary_large_image","twitter_misc":{"Gesch\u00e4tzte Lesezeit":"3\u00a0Minuten"},"schema":{"@context":"https:\/\/schema.org","@graph":[{"@type":"WebPage","@id":"https:\/\/luxrollers.lu\/historique\/","url":"https:\/\/luxrollers.lu\/historique\/","name":"Historique - Lux Rollers","isPartOf":{"@id":"https:\/\/luxrollers.lu\/#website"},"primaryImageOfPage":{"@id":"https:\/\/luxrollers.lu\/historique\/#primaryimage"},"image":{"@id":"https:\/\/luxrollers.lu\/historique\/#primaryimage"},"thumbnailUrl":"https:\/\/luxrollers.lu\/wp-content\/uploads\/2026\/03\/IMG_1248-1024x683.jpg","datePublished":"2026-03-27T12:12:47+00:00","dateModified":"2026-04-30T07:49:43+00:00","breadcrumb":{"@id":"https:\/\/luxrollers.lu\/historique\/#breadcrumb"},"inLanguage":"de","potentialAction":[{"@type":"ReadAction","target":["https:\/\/luxrollers.lu\/historique\/"]}]},{"@type":"ImageObject","inLanguage":"de","@id":"https:\/\/luxrollers.lu\/historique\/#primaryimage","url":"https:\/\/luxrollers.lu\/wp-content\/uploads\/2026\/03\/IMG_1248-1024x683.jpg","contentUrl":"https:\/\/luxrollers.lu\/wp-content\/uploads\/2026\/03\/IMG_1248-1024x683.jpg"},{"@type":"BreadcrumbList","@id":"https:\/\/luxrollers.lu\/historique\/#breadcrumb","itemListElement":[{"@type":"ListItem","position":1,"name":"Home","item":"https:\/\/luxrollers.lu\/"},{"@type":"ListItem","position":2,"name":"Historique"}]},{"@type":"WebSite","@id":"https:\/\/luxrollers.lu\/#website","url":"https:\/\/luxrollers.lu\/","name":"Lux Rollers","description":"","publisher":{"@id":"https:\/\/luxrollers.lu\/#organization"},"potentialAction":[{"@type":"SearchAction","target":{"@type":"EntryPoint","urlTemplate":"https:\/\/luxrollers.lu\/?s={search_term_string}"},"query-input":{"@type":"PropertyValueSpecification","valueRequired":true,"valueName":"search_term_string"}}],"inLanguage":"de"},{"@type":"Organization","@id":"https:\/\/luxrollers.lu\/#organization","name":"Lux Rollers","url":"https:\/\/luxrollers.lu\/","logo":{"@type":"ImageObject","inLanguage":"de","@id":"https:\/\/luxrollers.lu\/#\/schema\/logo\/image\/","url":"https:\/\/luxrollers.lu\/wp-content\/uploads\/2026\/03\/cropped-cropped-Logo-Coeur-Luxrollers-pdf-copie.png","contentUrl":"https:\/\/luxrollers.lu\/wp-content\/uploads\/2026\/03\/cropped-cropped-Logo-Coeur-Luxrollers-pdf-copie.png","width":512,"height":512,"caption":"Lux Rollers"},"image":{"@id":"https:\/\/luxrollers.lu\/#\/schema\/logo\/image\/"}}]}},"_links":{"self":[{"href":"https:\/\/luxrollers.lu\/de\/wp-json\/wp\/v2\/pages\/54","targetHints":{"allow":["GET"]}}],"collection":[{"href":"https:\/\/luxrollers.lu\/de\/wp-json\/wp\/v2\/pages"}],"about":[{"href":"https:\/\/luxrollers.lu\/de\/wp-json\/wp\/v2\/types\/page"}],"author":[{"embeddable":true,"href":"https:\/\/luxrollers.lu\/de\/wp-json\/wp\/v2\/users\/1"}],"replies":[{"embeddable":true,"href":"https:\/\/luxrollers.lu\/de\/wp-json\/wp\/v2\/comments?post=54"}],"version-history":[{"count":41,"href":"https:\/\/luxrollers.lu\/de\/wp-json\/wp\/v2\/pages\/54\/revisions"}],"predecessor-version":[{"id":1262,"href":"https:\/\/luxrollers.lu\/de\/wp-json\/wp\/v2\/pages\/54\/revisions\/1262"}],"wp:attachment":[{"href":"https:\/\/luxrollers.lu\/de\/wp-json\/wp\/v2\/media?parent=54"}],"curies":[{"name":"wp","href":"https:\/\/api.w.org\/{rel}","templated":true}]}}