{"id":619,"date":"2026-04-17T10:48:01","date_gmt":"2026-04-17T08:48:01","guid":{"rendered":"https:\/\/luxrollers.lu\/?page_id=619"},"modified":"2026-04-17T13:37:43","modified_gmt":"2026-04-17T11:37:43","slug":"don","status":"publish","type":"page","link":"https:\/\/luxrollers.lu\/de\/don\/","title":{"rendered":"DON"},"content":{"rendered":"<div data-elementor-type=\"wp-page\" data-elementor-id=\"619\" class=\"elementor elementor-619\" data-elementor-post-type=\"page\">\n\t\t\t\t<div class=\"elementor-element elementor-element-7a22cf4 e-flex e-con-boxed e-con e-parent\" data-id=\"7a22cf4\" data-element_type=\"container\" data-e-type=\"container\">\n\t\t\t\t\t<div class=\"e-con-inner\">\n\t\t\t\t<div class=\"elementor-element elementor-element-7dd28fd elementor-headline--style-highlight elementor-widget elementor-widget-animated-headline\" data-id=\"7dd28fd\" data-element_type=\"widget\" data-e-type=\"widget\" data-settings=\"{&quot;marker&quot;:&quot;double_underline&quot;,&quot;highlighted_text&quot;:&quot;CCPLLULL IBAN: LU26 1111 2109 9924 0000&quot;,&quot;headline_style&quot;:&quot;highlight&quot;,&quot;loop&quot;:&quot;yes&quot;,&quot;highlight_animation_duration&quot;:1200,&quot;highlight_iteration_delay&quot;:8000}\" data-widget_type=\"animated-headline.default\">\n\t\t\t\t\t\t\t<h3 class=\"elementor-headline\">\n\t\t\t\t<span class=\"elementor-headline-dynamic-wrapper elementor-headline-text-wrapper\">\n\t\t\t\t\t<span class=\"elementor-headline-dynamic-text elementor-headline-text-active\">CCPLLULL IBAN: LU26 1111 2109 9924 0000<\/span>\n\t\t\t\t<\/span>\n\t\t\t\t<\/h3>\n\t\t\t\t\t\t<\/div>\n\t\t\t\t\t<\/div>\n\t\t\t\t<\/div>\n\t\t<div class=\"elementor-element elementor-element-f564b89 e-flex e-con-boxed e-con e-parent\" data-id=\"f564b89\" data-element_type=\"container\" data-e-type=\"container\">\n\t\t\t\t\t<div class=\"e-con-inner\">\n\t\t<div class=\"elementor-element elementor-element-e422909 e-con-full e-flex e-con e-child\" data-id=\"e422909\" data-element_type=\"container\" data-e-type=\"container\">\n\t\t\t\t<div class=\"elementor-element elementor-element-e8c09fb elementor-widget elementor-widget-text-editor\" data-id=\"e8c09fb\" data-element_type=\"widget\" data-e-type=\"widget\" data-widget_type=\"text-editor.default\">\n\t\t\t\t\t\t\t\t\t<h3 data-section-id=\"juq8u6\" data-start=\"162\" data-end=\"188\">\ud83c\udfaf 1. Un impact direct<\/h3><p data-start=\"189\" data-end=\"266\">Contrairement \u00e0 de grosses organisations, ici votre argent sert imm\u00e9diatement :<\/p><ul data-start=\"267\" data-end=\"402\"><li data-section-id=\"lgzezp\" data-start=\"267\" data-end=\"313\">financer des fauteuils sportifs (tr\u00e8s chers)<\/li><li data-section-id=\"y72nn6\" data-start=\"314\" data-end=\"360\">payer les d\u00e9placements pour les comp\u00e9titions<\/li><li data-section-id=\"xs1neb\" data-start=\"361\" data-end=\"402\">organiser les entra\u00eenements et matchs<\/li><\/ul>\t\t\t\t\t\t\t\t<\/div>\n\t\t\t\t<\/div>\n\t\t<div class=\"elementor-element elementor-element-84bfb16 e-con-full e-flex e-con e-child\" data-id=\"84bfb16\" data-element_type=\"container\" data-e-type=\"container\">\n\t\t\t\t<div class=\"elementor-element elementor-element-8c02e42 elementor-widget elementor-widget-text-editor\" data-id=\"8c02e42\" data-element_type=\"widget\" data-e-type=\"widget\" data-widget_type=\"text-editor.default\">\n\t\t\t\t\t\t\t\t\t<h3 data-section-id=\"1e04amb\" data-start=\"448\" data-end=\"478\">\u267f 2. L\u2019inclusion en action<\/h3><p data-start=\"479\" data-end=\"548\">Les Lux Rollers permettent \u00e0 des personnes en situation de handicap :<\/p><ul data-start=\"549\" data-end=\"671\"><li data-section-id=\"12y97ub\" data-start=\"549\" data-end=\"594\">de pratiquer un sport au plus haut niveau<\/li><li data-section-id=\"ur7pl0\" data-start=\"595\" data-end=\"644\">de rester actives physiquement et socialement<\/li><li data-section-id=\"1pr5f1a\" data-start=\"645\" data-end=\"671\">de gagner en confiance<\/li><\/ul><p data-start=\"673\" data-end=\"726\"><strong>Ce n\u2019est pas th\u00e9orique, c\u2019est du v\u00e9cu chaque semaine.<\/strong><\/p>\t\t\t\t\t\t\t\t<\/div>\n\t\t\t\t<\/div>\n\t\t\t\t\t<\/div>\n\t\t\t\t<\/div>\n\t\t<div class=\"elementor-element elementor-element-1685679 e-flex e-con-boxed e-con e-parent\" data-id=\"1685679\" data-element_type=\"container\" data-e-type=\"container\">\n\t\t\t\t\t<div class=\"e-con-inner\">\n\t\t<div class=\"elementor-element elementor-element-d2e80fb e-con-full e-flex e-con e-child\" data-id=\"d2e80fb\" data-element_type=\"container\" data-e-type=\"container\">\n\t\t\t\t<div class=\"elementor-element elementor-element-bf3ffc1 elementor-widget elementor-widget-text-editor\" data-id=\"bf3ffc1\" data-element_type=\"widget\" data-e-type=\"widget\" data-widget_type=\"text-editor.default\">\n\t\t\t\t\t\t\t\t\t<h3 data-section-id=\"11m5n59\" data-start=\"733\" data-end=\"768\">\ud83c\udfc0 3. Repr\u00e9senter le Luxembourg<\/h3><p data-start=\"769\" data-end=\"905\">Le club participe \u00e0 des comp\u00e9titions internationales.<br data-start=\"822\" data-end=\"825\" \/>Votre soutien contribue directement \u00e0 faire rayonner le pays dans le sport adapt\u00e9.<\/p>\t\t\t\t\t\t\t\t<\/div>\n\t\t\t\t<\/div>\n\t\t<div class=\"elementor-element elementor-element-05fe9bc e-con-full e-flex e-con e-child\" data-id=\"05fe9bc\" data-element_type=\"container\" data-e-type=\"container\">\n\t\t\t\t<div class=\"elementor-element elementor-element-b8272cb elementor-widget elementor-widget-text-editor\" data-id=\"b8272cb\" data-element_type=\"widget\" data-e-type=\"widget\" data-widget_type=\"text-editor.default\">\n\t\t\t\t\t\t\t\t\t<h3 data-section-id=\"cl2psz\" data-start=\"912\" data-end=\"938\">\ud83d\udcb8 4. Un sport co\u00fbteux<\/h3><p data-start=\"939\" data-end=\"987\">C\u2019est l\u00e0 que beaucoup sous-estiment la r\u00e9alit\u00e9 :<\/p><ul data-start=\"988\" data-end=\"1116\"><li data-section-id=\"18cvwts\" data-start=\"988\" data-end=\"1057\">un fauteuil de comp\u00e9tition peut co\u00fbter plusieurs milliers d\u2019euros<\/li><li data-section-id=\"1jdvmeu\" data-start=\"1058\" data-end=\"1116\">l&rsquo;entretien, r\u00e9parations, transport \u2192 \u00e7a s\u2019accumule vite<\/li><\/ul><p data-start=\"1118\" data-end=\"1153\"><strong>Sans dons, le club est vite limit\u00e9.<\/strong><\/p>\t\t\t\t\t\t\t\t<\/div>\n\t\t\t\t<\/div>\n\t\t\t\t\t<\/div>\n\t\t\t\t<\/div>\n\t\t<div class=\"elementor-element elementor-element-d3ed163 e-flex e-con-boxed e-con e-parent\" data-id=\"d3ed163\" data-element_type=\"container\" data-e-type=\"container\">\n\t\t\t\t\t<div class=\"e-con-inner\">\n\t\t<div class=\"elementor-element elementor-element-91c0cdd e-con-full e-flex e-con e-child\" data-id=\"91c0cdd\" data-element_type=\"container\" data-e-type=\"container\">\n\t\t\t\t<div class=\"elementor-element elementor-element-59723cf elementor-widget elementor-widget-text-editor\" data-id=\"59723cf\" data-element_type=\"widget\" data-e-type=\"widget\" data-widget_type=\"text-editor.default\">\n\t\t\t\t\t\t\t\t\t<p><strong>\u2714\ufe0f<\/strong><strong> La vraie question<\/strong><\/p><p>Ce n\u2019est pas \u201cpourquoi donner\u201d, mais :<br \/><strong>est-ce que tu veux soutenir quelque chose de visible, local et utile ?<\/strong><\/p><p>Si oui, les Lux Rollers sont un bon choix.<\/p>\t\t\t\t\t\t\t\t<\/div>\n\t\t\t\t<\/div>\n\t\t<div class=\"elementor-element elementor-element-f3f3796 e-con-full e-flex e-con e-child\" data-id=\"f3f3796\" data-element_type=\"container\" data-e-type=\"container\">\n\t\t\t\t<div class=\"elementor-element elementor-element-4a2d120 elementor-widget elementor-widget-text-editor\" data-id=\"4a2d120\" data-element_type=\"widget\" data-e-type=\"widget\" data-widget_type=\"text-editor.default\">\n\t\t\t\t\t\t\t\t\t<h3 data-section-id=\"vtz44c\" data-start=\"123\" data-end=\"150\">\ud83d\udcb3 Virement bancaire<\/h3><p data-start=\"151\" data-end=\"302\">C\u2019est la m\u00e9thode la plus directe.\u00a0<\/p><p data-start=\"304\" data-end=\"330\">\ud83d\udc49 Voici le RIB :<\/p><p data-start=\"304\" data-end=\"330\"><strong>CCPLLULL IBAN: LU26 1111 2109 9924 0000<\/strong><\/p>\t\t\t\t\t\t\t\t<\/div>\n\t\t\t\t<\/div>\n\t\t\t\t\t<\/div>\n\t\t\t\t<\/div>\n\t\t<div class=\"elementor-element elementor-element-64dc6e1 e-flex e-con-boxed e-con e-parent\" data-id=\"64dc6e1\" data-element_type=\"container\" data-e-type=\"container\">\n\t\t\t\t\t<div class=\"e-con-inner\">\n\t\t\t\t<div class=\"elementor-element elementor-element-9e36515 elementor-widget elementor-widget-text-editor\" data-id=\"9e36515\" data-element_type=\"widget\" data-e-type=\"widget\" data-widget_type=\"text-editor.default\">\n\t\t\t\t\t\t\t\t\t<p><strong>Pour toute information compl\u00e9mentaire, <span class=\"hover:entity-accent entity-underline inline cursor-pointer align-baseline\"><span class=\"whitespace-normal\">Raymond Schintgen<\/span><\/span> et <span class=\"hover:entity-accent entity-underline inline cursor-pointer align-baseline\"><span class=\"whitespace-normal\">Manuel Fonseca<\/span><\/span>, responsables du sponsoring et des relations publiques, se tiennent \u00e0 votre enti\u00e8re disposition pour tout renseignement suppl\u00e9mentaire<\/strong>.<\/p>\t\t\t\t\t\t\t\t<\/div>\n\t\t\t\t\t<\/div>\n\t\t\t\t<\/div>\n\t\t\t\t<\/div>","protected":false},"excerpt":{"rendered":"<p>CCPLLULL IBAN: LU26 1111 2109 9924 0000 \ud83c\udfaf 1. Un impact direct Contrairement \u00e0 de grosses organisations, ici votre argent [&hellip;]<\/p>\n","protected":false},"author":2,"featured_media":0,"parent":0,"menu_order":0,"comment_status":"closed","ping_status":"closed","template":"","meta":{"site-sidebar-layout":"no-sidebar","site-content-layout":"","ast-site-content-layout":"full-width-container","site-content-style":"default","site-sidebar-style":"default","ast-global-header-display":"","ast-banner-title-visibility":"","ast-main-header-display":"","ast-hfb-above-header-display":"","ast-hfb-below-header-display":"","ast-hfb-mobile-header-display":"","site-post-title":"","ast-breadcrumbs-content":"","ast-featured-img":"disabled","footer-sml-layout":"","ast-disable-related-posts":"","theme-transparent-header-meta":"","adv-header-id-meta":"","stick-header-meta":"","header-above-stick-meta":"","header-main-stick-meta":"","header-below-stick-meta":"","astra-migrate-meta-layouts":"default","ast-page-background-enabled":"default","ast-page-background-meta":{"desktop":{"background-color":"var(--ast-global-color-5)","background-image":"","background-repeat":"repeat","background-position":"center center","background-size":"auto","background-attachment":"scroll","background-type":"","background-media":"","overlay-type":"","overlay-color":"","overlay-opacity":"","overlay-gradient":""},"tablet":{"background-color":"","background-image":"","background-repeat":"repeat","background-position":"center center","background-size":"auto","background-attachment":"scroll","background-type":"","background-media":"","overlay-type":"","overlay-color":"","overlay-opacity":"","overlay-gradient":""},"mobile":{"background-color":"","background-image":"","background-repeat":"repeat","background-position":"center center","background-size":"auto","background-attachment":"scroll","background-type":"","background-media":"","overlay-type":"","overlay-color":"","overlay-opacity":"","overlay-gradient":""}},"ast-content-background-meta":{"desktop":{"background-color":"var(--ast-global-color-4)","background-image":"","background-repeat":"repeat","background-position":"center center","background-size":"auto","background-attachment":"scroll","background-type":"","background-media":"","overlay-type":"","overlay-color":"","overlay-opacity":"","overlay-gradient":""},"tablet":{"background-color":"var(--ast-global-color-4)","background-image":"","background-repeat":"repeat","background-position":"center center","background-size":"auto","background-attachment":"scroll","background-type":"","background-media":"","overlay-type":"","overlay-color":"","overlay-opacity":"","overlay-gradient":""},"mobile":{"background-color":"var(--ast-global-color-4)","background-image":"","background-repeat":"repeat","background-position":"center center","background-size":"auto","background-attachment":"scroll","background-type":"","background-media":"","overlay-type":"","overlay-color":"","overlay-opacity":"","overlay-gradient":""}},"footnotes":""},"class_list":["post-619","page","type-page","status-publish","hentry"],"yoast_head":"<!-- This site is optimized with the Yoast SEO plugin v27.4 - https:\/\/yoast.com\/product\/yoast-seo-wordpress\/ -->\n<title>DON - Lux Rollers<\/title>\n<meta name=\"robots\" content=\"index, follow, max-snippet:-1, max-image-preview:large, max-video-preview:-1\" \/>\n<link rel=\"canonical\" href=\"https:\/\/luxrollers.lu\/de\/don\/\" \/>\n<meta property=\"og:locale\" content=\"de_DE\" \/>\n<meta property=\"og:type\" content=\"article\" \/>\n<meta property=\"og:title\" content=\"DON - Lux Rollers\" \/>\n<meta property=\"og:description\" content=\"CCPLLULL IBAN: LU26 1111 2109 9924 0000 \ud83c\udfaf 1. Un impact direct Contrairement \u00e0 de grosses organisations, ici votre argent [&hellip;]\" \/>\n<meta property=\"og:url\" content=\"https:\/\/luxrollers.lu\/de\/don\/\" \/>\n<meta property=\"og:site_name\" content=\"Lux Rollers\" \/>\n<meta property=\"article:modified_time\" content=\"2026-04-17T11:37:43+00:00\" \/>\n<meta name=\"twitter:card\" content=\"summary_large_image\" \/>\n<meta name=\"twitter:label1\" content=\"Gesch\u00e4tzte Lesezeit\" \/>\n\t<meta name=\"twitter:data1\" content=\"3\u00a0Minuten\" \/>\n<script type=\"application\/ld+json\" class=\"yoast-schema-graph\">{\"@context\":\"https:\\\/\\\/schema.org\",\"@graph\":[{\"@type\":\"WebPage\",\"@id\":\"https:\\\/\\\/luxrollers.lu\\\/don\\\/\",\"url\":\"https:\\\/\\\/luxrollers.lu\\\/don\\\/\",\"name\":\"DON - Lux Rollers\",\"isPartOf\":{\"@id\":\"https:\\\/\\\/luxrollers.lu\\\/#website\"},\"datePublished\":\"2026-04-17T08:48:01+00:00\",\"dateModified\":\"2026-04-17T11:37:43+00:00\",\"breadcrumb\":{\"@id\":\"https:\\\/\\\/luxrollers.lu\\\/don\\\/#breadcrumb\"},\"inLanguage\":\"de\",\"potentialAction\":[{\"@type\":\"ReadAction\",\"target\":[\"https:\\\/\\\/luxrollers.lu\\\/don\\\/\"]}]},{\"@type\":\"BreadcrumbList\",\"@id\":\"https:\\\/\\\/luxrollers.lu\\\/don\\\/#breadcrumb\",\"itemListElement\":[{\"@type\":\"ListItem\",\"position\":1,\"name\":\"Home\",\"item\":\"https:\\\/\\\/luxrollers.lu\\\/\"},{\"@type\":\"ListItem\",\"position\":2,\"name\":\"DON\"}]},{\"@type\":\"WebSite\",\"@id\":\"https:\\\/\\\/luxrollers.lu\\\/#website\",\"url\":\"https:\\\/\\\/luxrollers.lu\\\/\",\"name\":\"Lux Rollers\",\"description\":\"\",\"publisher\":{\"@id\":\"https:\\\/\\\/luxrollers.lu\\\/#organization\"},\"potentialAction\":[{\"@type\":\"SearchAction\",\"target\":{\"@type\":\"EntryPoint\",\"urlTemplate\":\"https:\\\/\\\/luxrollers.lu\\\/?s={search_term_string}\"},\"query-input\":{\"@type\":\"PropertyValueSpecification\",\"valueRequired\":true,\"valueName\":\"search_term_string\"}}],\"inLanguage\":\"de\"},{\"@type\":\"Organization\",\"@id\":\"https:\\\/\\\/luxrollers.lu\\\/#organization\",\"name\":\"Lux Rollers\",\"url\":\"https:\\\/\\\/luxrollers.lu\\\/\",\"logo\":{\"@type\":\"ImageObject\",\"inLanguage\":\"de\",\"@id\":\"https:\\\/\\\/luxrollers.lu\\\/#\\\/schema\\\/logo\\\/image\\\/\",\"url\":\"https:\\\/\\\/luxrollers.lu\\\/wp-content\\\/uploads\\\/2026\\\/03\\\/cropped-cropped-Logo-Coeur-Luxrollers-pdf-copie.png\",\"contentUrl\":\"https:\\\/\\\/luxrollers.lu\\\/wp-content\\\/uploads\\\/2026\\\/03\\\/cropped-cropped-Logo-Coeur-Luxrollers-pdf-copie.png\",\"width\":512,\"height\":512,\"caption\":\"Lux Rollers\"},\"image\":{\"@id\":\"https:\\\/\\\/luxrollers.lu\\\/#\\\/schema\\\/logo\\\/image\\\/\"}}]}<\/script>\n<!-- \/ Yoast SEO plugin. -->","yoast_head_json":{"title":"DON - Lux Rollers","robots":{"index":"index","follow":"follow","max-snippet":"max-snippet:-1","max-image-preview":"max-image-preview:large","max-video-preview":"max-video-preview:-1"},"canonical":"https:\/\/luxrollers.lu\/de\/don\/","og_locale":"de_DE","og_type":"article","og_title":"DON - Lux Rollers","og_description":"CCPLLULL IBAN: LU26 1111 2109 9924 0000 \ud83c\udfaf 1. Un impact direct Contrairement \u00e0 de grosses organisations, ici votre argent [&hellip;]","og_url":"https:\/\/luxrollers.lu\/de\/don\/","og_site_name":"Lux Rollers","article_modified_time":"2026-04-17T11:37:43+00:00","twitter_card":"summary_large_image","twitter_misc":{"Gesch\u00e4tzte Lesezeit":"3\u00a0Minuten"},"schema":{"@context":"https:\/\/schema.org","@graph":[{"@type":"WebPage","@id":"https:\/\/luxrollers.lu\/don\/","url":"https:\/\/luxrollers.lu\/don\/","name":"DON - Lux Rollers","isPartOf":{"@id":"https:\/\/luxrollers.lu\/#website"},"datePublished":"2026-04-17T08:48:01+00:00","dateModified":"2026-04-17T11:37:43+00:00","breadcrumb":{"@id":"https:\/\/luxrollers.lu\/don\/#breadcrumb"},"inLanguage":"de","potentialAction":[{"@type":"ReadAction","target":["https:\/\/luxrollers.lu\/don\/"]}]},{"@type":"BreadcrumbList","@id":"https:\/\/luxrollers.lu\/don\/#breadcrumb","itemListElement":[{"@type":"ListItem","position":1,"name":"Home","item":"https:\/\/luxrollers.lu\/"},{"@type":"ListItem","position":2,"name":"DON"}]},{"@type":"WebSite","@id":"https:\/\/luxrollers.lu\/#website","url":"https:\/\/luxrollers.lu\/","name":"Lux Rollers","description":"","publisher":{"@id":"https:\/\/luxrollers.lu\/#organization"},"potentialAction":[{"@type":"SearchAction","target":{"@type":"EntryPoint","urlTemplate":"https:\/\/luxrollers.lu\/?s={search_term_string}"},"query-input":{"@type":"PropertyValueSpecification","valueRequired":true,"valueName":"search_term_string"}}],"inLanguage":"de"},{"@type":"Organization","@id":"https:\/\/luxrollers.lu\/#organization","name":"Lux Rollers","url":"https:\/\/luxrollers.lu\/","logo":{"@type":"ImageObject","inLanguage":"de","@id":"https:\/\/luxrollers.lu\/#\/schema\/logo\/image\/","url":"https:\/\/luxrollers.lu\/wp-content\/uploads\/2026\/03\/cropped-cropped-Logo-Coeur-Luxrollers-pdf-copie.png","contentUrl":"https:\/\/luxrollers.lu\/wp-content\/uploads\/2026\/03\/cropped-cropped-Logo-Coeur-Luxrollers-pdf-copie.png","width":512,"height":512,"caption":"Lux Rollers"},"image":{"@id":"https:\/\/luxrollers.lu\/#\/schema\/logo\/image\/"}}]}},"_links":{"self":[{"href":"https:\/\/luxrollers.lu\/de\/wp-json\/wp\/v2\/pages\/619","targetHints":{"allow":["GET"]}}],"collection":[{"href":"https:\/\/luxrollers.lu\/de\/wp-json\/wp\/v2\/pages"}],"about":[{"href":"https:\/\/luxrollers.lu\/de\/wp-json\/wp\/v2\/types\/page"}],"author":[{"embeddable":true,"href":"https:\/\/luxrollers.lu\/de\/wp-json\/wp\/v2\/users\/2"}],"replies":[{"embeddable":true,"href":"https:\/\/luxrollers.lu\/de\/wp-json\/wp\/v2\/comments?post=619"}],"version-history":[{"count":16,"href":"https:\/\/luxrollers.lu\/de\/wp-json\/wp\/v2\/pages\/619\/revisions"}],"predecessor-version":[{"id":663,"href":"https:\/\/luxrollers.lu\/de\/wp-json\/wp\/v2\/pages\/619\/revisions\/663"}],"wp:attachment":[{"href":"https:\/\/luxrollers.lu\/de\/wp-json\/wp\/v2\/media?parent=619"}],"curies":[{"name":"wp","href":"https:\/\/api.w.org\/{rel}","templated":true}]}}