{"id":70,"date":"2026-03-27T12:13:35","date_gmt":"2026-03-27T12:13:35","guid":{"rendered":"https:\/\/luxrollers.lu\/?page_id=70"},"modified":"2026-04-30T10:47:58","modified_gmt":"2026-04-30T08:47:58","slug":"calendrier","status":"publish","type":"page","link":"https:\/\/luxrollers.lu\/de\/calendrier\/","title":{"rendered":"Kalender"},"content":{"rendered":"<div data-elementor-type=\"wp-page\" data-elementor-id=\"70\" class=\"elementor elementor-70\" data-elementor-post-type=\"page\">\n\t\t\t\t<div class=\"elementor-element elementor-element-02a7902 e-flex e-con-boxed e-con e-parent\" data-id=\"02a7902\" data-element_type=\"container\" data-e-type=\"container\" data-settings=\"{&quot;shape_divider_top&quot;:&quot;mountains&quot;}\">\n\t\t\t\t\t<div class=\"e-con-inner\">\n\t\t\t\t<div class=\"elementor-shape elementor-shape-top\" aria-hidden=\"true\" data-negative=\"false\">\n\t\t\t<svg xmlns=\"http:\/\/www.w3.org\/2000\/svg\" viewbox=\"0 0 1000 100\" preserveaspectratio=\"none\">\n\t<path class=\"elementor-shape-fill\" opacity=\"0.33\" d=\"M473,67.3c-203.9,88.3-263.1-34-320.3,0C66,119.1,0,59.7,0,59.7V0h1000v59.7 c0,0-62.1,26.1-94.9,29.3c-32.8,3.3-62.8-12.3-75.8-22.1C806,49.6,745.3,8.7,694.9,4.7S492.4,59,473,67.3z\"\/>\n\t<path class=\"elementor-shape-fill\" opacity=\"0.66\" d=\"M734,67.3c-45.5,0-77.2-23.2-129.1-39.1c-28.6-8.7-150.3-10.1-254,39.1 s-91.7-34.4-149.2,0C115.7,118.3,0,39.8,0,39.8V0h1000v36.5c0,0-28.2-18.5-92.1-18.5C810.2,18.1,775.7,67.3,734,67.3z\"\/>\n\t<path class=\"elementor-shape-fill\" d=\"M766.1,28.9c-200-57.5-266,65.5-395.1,19.5C242,1.8,242,5.4,184.8,20.6C128,35.8,132.3,44.9,89.9,52.5C28.6,63.7,0,0,0,0 h1000c0,0-9.9,40.9-83.6,48.1S829.6,47,766.1,28.9z\"\/>\n<\/svg>\t\t<\/div>\n\t\t\t\t<div class=\"elementor-element elementor-element-009f894 elementor-widget elementor-widget-heading\" data-id=\"009f894\" data-element_type=\"widget\" data-e-type=\"widget\" data-widget_type=\"heading.default\">\n\t\t\t\t\t<h2 class=\"elementor-heading-title elementor-size-default\">Kalender der Trainings, Meisterschafts- und Pokalspiele sowie der Vorstandssitzungen, Vorf\u00fchrungen und anderer Veranstaltungen, an denen die Lux Rollers teilnehmen.<\/h2>\t\t\t\t<\/div>\n\t\t\t\t\t<\/div>\n\t\t\t\t<\/div>\n\t\t<div class=\"elementor-element elementor-element-7c7c608 e-flex e-con-boxed e-con e-parent\" data-id=\"7c7c608\" data-element_type=\"container\" data-e-type=\"container\">\n\t\t\t\t\t<div class=\"e-con-inner\">\n\t\t<div class=\"elementor-element elementor-element-327b805 e-con-full e-flex e-con e-child\" data-id=\"327b805\" data-element_type=\"container\" data-e-type=\"container\">\n\t\t\t\t\t\t\t\n\t\t<img loading=\"lazy\" decoding=\"async\" class=\"e-image-base\" data-interaction-id=\"047de0d\" data-e-type=\"widget\" data-id=\"047de0d\" id=\"936\" src=\"https:\/\/luxrollers.lu\/wp-content\/uploads\/2026\/04\/Capture-decran-2026-04-21-a-18.30.06.png\" width=\"1366\" height=\"126\" srcset=\"https:\/\/luxrollers.lu\/wp-content\/uploads\/2026\/04\/Capture-decran-2026-04-21-a-18.30.06.png 1366w, https:\/\/luxrollers.lu\/wp-content\/uploads\/2026\/04\/Capture-decran-2026-04-21-a-18.30.06-300x28.png 300w, https:\/\/luxrollers.lu\/wp-content\/uploads\/2026\/04\/Capture-decran-2026-04-21-a-18.30.06-1024x94.png 1024w, https:\/\/luxrollers.lu\/wp-content\/uploads\/2026\/04\/Capture-decran-2026-04-21-a-18.30.06-768x71.png 768w, https:\/\/luxrollers.lu\/wp-content\/uploads\/2026\/04\/Capture-decran-2026-04-21-a-18.30.06-18x2.png 18w\" alt=\"capture d\u2019e\u0301cran 2026 04 21 a\u0300 18.30.06\" title=\"Entra\u00eenement\">\n\t\t\t\t\t<\/div>\n\t\t<div class=\"elementor-element elementor-element-76a5a7f e-con-full e-flex e-con e-child\" data-id=\"76a5a7f\" data-element_type=\"container\" data-e-type=\"container\">\n\t\t\t\t<\/div>\n\t\t\t\t\t<\/div>\n\t\t\t\t<\/div>\n\t\t<div class=\"elementor-element elementor-element-f03fc7d e-flex e-con-boxed e-con e-parent\" data-id=\"f03fc7d\" data-element_type=\"container\" data-e-type=\"container\">\n\t\t\t\t\t<div class=\"e-con-inner\">\n\t\t\t\t<div class=\"elementor-element elementor-element-9bafa6d elementor-widget elementor-widget-html\" data-id=\"9bafa6d\" data-element_type=\"widget\" data-e-type=\"widget\" data-widget_type=\"html.default\">\n\t\t\t\t\t<div id=\"mec_skin_881\" class=\"mec-wrap\">\r\n\r\n    \r\n    <div class=\"mec-calendar mec-box-calendar mec-event-calendar-classic mec-event-container-novel\" id=\"mec_skin_events_881_full\">\r\n                <div class=\"mec-calendar-side mec-clear\">\r\n                        <div class=\"mec-skin-monthly-view-month-navigator-container\">\r\n                <div class=\"mec-month-navigator\" id=\"mec_month_navigator_881_202605\"><div class=\"mec-previous-month mec-load-month mec-previous-month\" data-mec-year=\"2026\" data-mec-month=\"04\"><a href=\"#\" class=\"mec-load-month-link\"><i class=\"mec-sl-angle-left\"><\/i> April<\/a><\/div><div class=\"mec-calendar-header\"><h2>Mai 2026<\/h2><\/div><div class=\"mec-next-month mec-load-month mec-next-month\" data-mec-year=\"2026\" data-mec-month=\"06\"><a href=\"#\" class=\"mec-load-month-link\">Juni <i class=\"mec-sl-angle-right\"><\/i><\/a><\/div><\/div>\r\n            <\/div>\r\n            \r\n            <div class=\"mec-calendar-table\" id=\"mec_skin_events_881\">\r\n                <div class=\"mec-month-container mec-month-container-selected\" id=\"mec_monthly_view_month_881_202605\" data-month-id=\"202605\"><dl class=\"mec-calendar-table-head\"><dt class=\"mec-calendar-day-head\">MO<\/dt><dt class=\"mec-calendar-day-head\">DI<\/dt><dt class=\"mec-calendar-day-head\">MI<\/dt><dt class=\"mec-calendar-day-head\">DO<\/dt><dt class=\"mec-calendar-day-head\">FR<\/dt><dt class=\"mec-calendar-day-head\">SA<\/dt><dt class=\"mec-calendar-day-head\">SO<\/dt><\/dl><dl class=\"mec-calendar-row\">\r\n    <dt class=\"mec-table-nullday\">27<\/dt><dt class=\"mec-calendar-day mec-table-nullday\" data-mec-cell=\"20260428\" data-day=\"28\" data-month=\"202604\"><div class=\"mec-calendar-novel-selected-day\">28<\/div><a class=\"mec-past-event event-single-link-novel\" data-event-id=\"901\" href=\"https:\/\/luxrollers.lu\/de\/events\/entrainement-867\/\" ><div style=\"background:#fdd700\" class=\"mec-single-event-novel mec-event-article\"><h4 class=\"mec-event-title\">Entra\u00eenement<\/h4><\/div><\/a><\/dt><dt class=\"mec-table-nullday\">29<\/dt><dt class=\"mec-calendar-day mec-table-nullday\" data-mec-cell=\"20260430\" data-day=\"30\" data-month=\"202604\"><div class=\"mec-calendar-novel-selected-day\">30<\/div><a class=\"mec-past-event event-single-link-novel\" data-event-id=\"885\" href=\"https:\/\/luxrollers.lu\/de\/events\/entrainement\/\" ><div style=\"background:#fdd700\" class=\"mec-single-event-novel mec-event-article\"><h4 class=\"mec-event-title\">Entra\u00eenement<\/h4><\/div><\/a><\/dt><dt class=\"mec-calendar-day\" data-mec-cell=\"20260501\" data-day=\"1\" data-month=\"202605\">1<\/dt><\/dt><dt class=\"mec-calendar-day\" data-mec-cell=\"20260502\" data-day=\"2\" data-month=\"202605\">2<\/dt><\/dt><dt class=\"mec-calendar-day\" data-mec-cell=\"20260503\" data-day=\"3\" data-month=\"202605\">3<\/dt><\/dt><\/dl><dl class=\"mec-calendar-row\"><dt class=\"mec-calendar-day\" data-mec-cell=\"20260504\" data-day=\"4\" data-month=\"202605\">4<\/dt><\/dt><dt class=\"mec-calendar-day\" data-mec-cell=\"20260505\" data-day=\"5\" data-month=\"202605\"><div class=\"mec-calendar-novel-selected-day\">5<\/div><a class=\"mec-past-event event-single-link-novel\" data-event-id=\"901\" href=\"https:\/\/luxrollers.lu\/de\/events\/entrainement-867\/\" ><div style=\"background:#fdd700\" class=\"mec-single-event-novel mec-event-article\"><h4 class=\"mec-event-title\">Entra\u00eenement<\/h4><\/div><\/a><\/dt><dt class=\"mec-calendar-day\" data-mec-cell=\"20260506\" data-day=\"6\" data-month=\"202605\">6<\/dt><\/dt><dt class=\"mec-calendar-day\" data-mec-cell=\"20260507\" data-day=\"7\" data-month=\"202605\"><div class=\"mec-calendar-novel-selected-day\">7<\/div><a class=\"mec-past-event event-single-link-novel\" data-event-id=\"885\" href=\"https:\/\/luxrollers.lu\/de\/events\/entrainement\/\" ><div style=\"background:#fdd700\" class=\"mec-single-event-novel mec-event-article\"><h4 class=\"mec-event-title\">Entra\u00eenement<\/h4><\/div><\/a><\/dt><dt class=\"mec-calendar-day\" data-mec-cell=\"20260508\" data-day=\"8\" data-month=\"202605\">8<\/dt><\/dt><dt class=\"mec-calendar-day\" data-mec-cell=\"20260509\" data-day=\"9\" data-month=\"202605\"><div class=\"mec-calendar-novel-selected-day\">9<\/div><a class=\"mec-past-event event-single-link-novel\" data-event-id=\"913\" href=\"https:\/\/luxrollers.lu\/de\/events\/match-de-championnat-lux-rollers-vs-asv-bonn-2\/\" ><div style=\"background:#e14d43\" class=\"mec-single-event-novel mec-event-article\"><h4 class=\"mec-event-title\">Match I Lux Rollers &#8211; ASV BONN<\/h4><\/div><\/a><a class=\"mec-past-event event-single-link-novel\" data-event-id=\"914\" href=\"https:\/\/luxrollers.lu\/de\/events\/match-de-championnat-hot-rolling-bears-vs-lux-rollers\/\" ><div style=\"background:#e14d43\" class=\"mec-single-event-novel mec-event-article\"><h4 class=\"mec-event-title\">Match I Hot Rolling Bears &#8211; Lux Rollers<\/h4><\/div><\/a><\/dt><dt class=\"mec-calendar-day\" data-mec-cell=\"20260510\" data-day=\"10\" data-month=\"202605\"><div class=\"mec-calendar-novel-selected-day\">10<\/div><a class=\"mec-past-event event-single-link-novel\" data-event-id=\"915\" href=\"https:\/\/luxrollers.lu\/de\/events\/charity-run-2026\/\" ><div style=\"background:#a3b745\" class=\"mec-single-event-novel mec-event-article\"><h4 class=\"mec-event-title\">CHARITY RUN 2026<\/h4><\/div><\/a><\/dt><\/dl><dl class=\"mec-calendar-row\"><dt class=\"mec-calendar-day\" data-mec-cell=\"20260511\" data-day=\"11\" data-month=\"202605\">11<\/dt><\/dt><dt class=\"mec-calendar-day\" data-mec-cell=\"20260512\" data-day=\"12\" data-month=\"202605\"><div class=\"mec-calendar-novel-selected-day\">12<\/div><a class=\"mec-past-event event-single-link-novel\" data-event-id=\"901\" href=\"https:\/\/luxrollers.lu\/de\/events\/entrainement-867\/\" ><div style=\"background:#fdd700\" class=\"mec-single-event-novel mec-event-article\"><h4 class=\"mec-event-title\">Entra\u00eenement<\/h4><\/div><\/a><\/dt><dt class=\"mec-calendar-day\" data-mec-cell=\"20260513\" data-day=\"13\" data-month=\"202605\">13<\/dt><\/dt><dt class=\"mec-calendar-day\" data-mec-cell=\"20260514\" data-day=\"14\" data-month=\"202605\"><div class=\"mec-calendar-novel-selected-day\">14<\/div><a class=\"mec-past-event event-single-link-novel\" data-event-id=\"925\" href=\"https:\/\/luxrollers.lu\/de\/events\/cosl-spillfest-2026\/\" ><div style=\"background:#a3b745\" class=\"mec-single-event-novel mec-event-article\"><h4 class=\"mec-event-title\">COSL Spillfest 2026<\/h4><\/div><\/a><a class=\"mec-past-event event-single-link-novel\" data-event-id=\"885\" href=\"https:\/\/luxrollers.lu\/de\/events\/entrainement\/\" ><div style=\"background:#fdd700\" class=\"mec-single-event-novel mec-event-article\"><h4 class=\"mec-event-title\">Entra\u00eenement<\/h4><\/div><\/a><\/dt><dt class=\"mec-calendar-day  mec-selected-day\" data-mec-cell=\"20260515\" data-day=\"15\" data-month=\"202605\">15<\/dt><\/dt><dt class=\"mec-calendar-day\" data-mec-cell=\"20260516\" data-day=\"16\" data-month=\"202605\">16<\/dt><\/dt><dt class=\"mec-calendar-day\" data-mec-cell=\"20260517\" data-day=\"17\" data-month=\"202605\">17<\/dt><\/dt><\/dl><dl class=\"mec-calendar-row\"><dt class=\"mec-calendar-day\" data-mec-cell=\"20260518\" data-day=\"18\" data-month=\"202605\">18<\/dt><\/dt><dt class=\"mec-calendar-day\" data-mec-cell=\"20260519\" data-day=\"19\" data-month=\"202605\"><div class=\"mec-calendar-novel-selected-day\">19<\/div><a class=\"event-single-link-novel\" data-event-id=\"901\" href=\"https:\/\/luxrollers.lu\/de\/events\/entrainement-867\/\" ><div style=\"background:#fdd700\" class=\"mec-single-event-novel mec-event-article\"><h4 class=\"mec-event-title\">Entra\u00eenement<\/h4><\/div><\/a><\/dt><dt class=\"mec-calendar-day\" data-mec-cell=\"20260520\" data-day=\"20\" data-month=\"202605\">20<\/dt><\/dt><dt class=\"mec-calendar-day\" data-mec-cell=\"20260521\" data-day=\"21\" data-month=\"202605\"><div class=\"mec-calendar-novel-selected-day\">21<\/div><a class=\"event-single-link-novel\" data-event-id=\"885\" href=\"https:\/\/luxrollers.lu\/de\/events\/entrainement\/\" ><div style=\"background:#fdd700\" class=\"mec-single-event-novel mec-event-article\"><h4 class=\"mec-event-title\">Entra\u00eenement<\/h4><\/div><\/a><\/dt><dt class=\"mec-calendar-day\" data-mec-cell=\"20260522\" data-day=\"22\" data-month=\"202605\">22<\/dt><\/dt><dt class=\"mec-calendar-day\" data-mec-cell=\"20260523\" data-day=\"23\" data-month=\"202605\">23<\/dt><\/dt><dt class=\"mec-calendar-day\" data-mec-cell=\"20260524\" data-day=\"24\" data-month=\"202605\">24<\/dt><\/dt><\/dl><dl class=\"mec-calendar-row\"><dt class=\"mec-calendar-day\" data-mec-cell=\"20260525\" data-day=\"25\" data-month=\"202605\">25<\/dt><\/dt><dt class=\"mec-calendar-day\" data-mec-cell=\"20260526\" data-day=\"26\" data-month=\"202605\"><div class=\"mec-calendar-novel-selected-day\">26<\/div><a class=\"event-single-link-novel\" data-event-id=\"901\" href=\"https:\/\/luxrollers.lu\/de\/events\/entrainement-867\/\" ><div style=\"background:#fdd700\" class=\"mec-single-event-novel mec-event-article\"><h4 class=\"mec-event-title\">Entra\u00eenement<\/h4><\/div><\/a><\/dt><dt class=\"mec-calendar-day\" data-mec-cell=\"20260527\" data-day=\"27\" data-month=\"202605\">27<\/dt><\/dt><dt class=\"mec-calendar-day\" data-mec-cell=\"20260528\" data-day=\"28\" data-month=\"202605\"><div class=\"mec-calendar-novel-selected-day\">28<\/div><a class=\"event-single-link-novel\" data-event-id=\"885\" href=\"https:\/\/luxrollers.lu\/de\/events\/entrainement\/\" ><div style=\"background:#fdd700\" class=\"mec-single-event-novel mec-event-article\"><h4 class=\"mec-event-title\">Entra\u00eenement<\/h4><\/div><\/a><\/dt><dt class=\"mec-calendar-day\" data-mec-cell=\"20260529\" data-day=\"29\" data-month=\"202605\">29<\/dt><\/dt><dt class=\"mec-calendar-day\" data-mec-cell=\"20260530\" data-day=\"30\" data-month=\"202605\">30<\/dt><\/dt><dt class=\"mec-calendar-day\" data-mec-cell=\"20260531\" data-day=\"31\" data-month=\"202605\">31<\/dt><\/dt><\/dl><dl class=\"mec-calendar-row\"><\/dl>\r\n<\/div>\r\n            <\/div>\r\n\r\n                    <\/div>\r\n            <\/div>\r\n\r\n        \r\n        <div class=\"mec-modal-result\"><\/div>\r\n\r\n<\/div>\t\t\t\t<\/div>\n\t\t\t\t\t<\/div>\n\t\t\t\t<\/div>\n\t\t\t\t<\/div>","protected":false},"excerpt":{"rendered":"<p>Calendrier des entra\u00eenements, des matchs de championnat et de coupe, ainsi que des r\u00e9unions du comit\u00e9, des d\u00e9monstrations et autres [&hellip;]<\/p>\n","protected":false},"author":1,"featured_media":0,"parent":0,"menu_order":0,"comment_status":"closed","ping_status":"closed","template":"","meta":{"site-sidebar-layout":"no-sidebar","site-content-layout":"","ast-site-content-layout":"full-width-container","site-content-style":"default","site-sidebar-style":"default","ast-global-header-display":"","ast-banner-title-visibility":"","ast-main-header-display":"","ast-hfb-above-header-display":"","ast-hfb-below-header-display":"","ast-hfb-mobile-header-display":"","site-post-title":"disabled","ast-breadcrumbs-content":"","ast-featured-img":"disabled","footer-sml-layout":"","ast-disable-related-posts":"","theme-transparent-header-meta":"","adv-header-id-meta":"","stick-header-meta":"","header-above-stick-meta":"","header-main-stick-meta":"","header-below-stick-meta":"","astra-migrate-meta-layouts":"default","ast-page-background-enabled":"default","ast-page-background-meta":{"desktop":{"background-color":"var(--ast-global-color-5)","background-image":"","background-repeat":"repeat","background-position":"center center","background-size":"auto","background-attachment":"scroll","background-type":"","background-media":"","overlay-type":"","overlay-color":"","overlay-opacity":"","overlay-gradient":""},"tablet":{"background-color":"","background-image":"","background-repeat":"repeat","background-position":"center center","background-size":"auto","background-attachment":"scroll","background-type":"","background-media":"","overlay-type":"","overlay-color":"","overlay-opacity":"","overlay-gradient":""},"mobile":{"background-color":"","background-image":"","background-repeat":"repeat","background-position":"center center","background-size":"auto","background-attachment":"scroll","background-type":"","background-media":"","overlay-type":"","overlay-color":"","overlay-opacity":"","overlay-gradient":""}},"ast-content-background-meta":{"desktop":{"background-color":"var(--ast-global-color-4)","background-image":"","background-repeat":"repeat","background-position":"center center","background-size":"auto","background-attachment":"scroll","background-type":"","background-media":"","overlay-type":"","overlay-color":"","overlay-opacity":"","overlay-gradient":""},"tablet":{"background-color":"var(--ast-global-color-4)","background-image":"","background-repeat":"repeat","background-position":"center center","background-size":"auto","background-attachment":"scroll","background-type":"","background-media":"","overlay-type":"","overlay-color":"","overlay-opacity":"","overlay-gradient":""},"mobile":{"background-color":"var(--ast-global-color-4)","background-image":"","background-repeat":"repeat","background-position":"center center","background-size":"auto","background-attachment":"scroll","background-type":"","background-media":"","overlay-type":"","overlay-color":"","overlay-opacity":"","overlay-gradient":""}},"footnotes":""},"class_list":["post-70","page","type-page","status-publish","hentry"],"yoast_head":"<!-- This site is optimized with the Yoast SEO plugin v27.4 - https:\/\/yoast.com\/product\/yoast-seo-wordpress\/ -->\n<title>Calendrier - Lux Rollers<\/title>\n<meta name=\"robots\" content=\"index, follow, max-snippet:-1, max-image-preview:large, max-video-preview:-1\" \/>\n<link rel=\"canonical\" href=\"https:\/\/luxrollers.lu\/de\/calendrier\/\" \/>\n<meta property=\"og:locale\" content=\"de_DE\" \/>\n<meta property=\"og:type\" content=\"article\" \/>\n<meta property=\"og:title\" content=\"Calendrier - Lux Rollers\" \/>\n<meta property=\"og:description\" content=\"Calendrier des entra\u00eenements, des matchs de championnat et de coupe, ainsi que des r\u00e9unions du comit\u00e9, des d\u00e9monstrations et autres [&hellip;]\" \/>\n<meta property=\"og:url\" content=\"https:\/\/luxrollers.lu\/de\/calendrier\/\" \/>\n<meta property=\"og:site_name\" content=\"Lux Rollers\" \/>\n<meta property=\"article:modified_time\" content=\"2026-04-30T08:47:58+00:00\" \/>\n<meta property=\"og:image\" content=\"https:\/\/luxrollers.lu\/wp-content\/uploads\/2026\/04\/Capture-decran-2026-04-21-a-18.30.06.png\" \/>\n<meta name=\"twitter:card\" content=\"summary_large_image\" \/>\n<meta name=\"twitter:label1\" content=\"Gesch\u00e4tzte Lesezeit\" \/>\n\t<meta name=\"twitter:data1\" content=\"1\u00a0Minute\" \/>\n<script type=\"application\/ld+json\" class=\"yoast-schema-graph\">{\"@context\":\"https:\\\/\\\/schema.org\",\"@graph\":[{\"@type\":\"WebPage\",\"@id\":\"https:\\\/\\\/luxrollers.lu\\\/calendrier\\\/\",\"url\":\"https:\\\/\\\/luxrollers.lu\\\/calendrier\\\/\",\"name\":\"Calendrier - Lux Rollers\",\"isPartOf\":{\"@id\":\"https:\\\/\\\/luxrollers.lu\\\/#website\"},\"primaryImageOfPage\":{\"@id\":\"https:\\\/\\\/luxrollers.lu\\\/calendrier\\\/#primaryimage\"},\"image\":{\"@id\":\"https:\\\/\\\/luxrollers.lu\\\/calendrier\\\/#primaryimage\"},\"thumbnailUrl\":\"https:\\\/\\\/luxrollers.lu\\\/wp-content\\\/uploads\\\/2026\\\/04\\\/Capture-decran-2026-04-21-a-18.30.06.png\",\"datePublished\":\"2026-03-27T12:13:35+00:00\",\"dateModified\":\"2026-04-30T08:47:58+00:00\",\"breadcrumb\":{\"@id\":\"https:\\\/\\\/luxrollers.lu\\\/calendrier\\\/#breadcrumb\"},\"inLanguage\":\"de\",\"potentialAction\":[{\"@type\":\"ReadAction\",\"target\":[\"https:\\\/\\\/luxrollers.lu\\\/calendrier\\\/\"]}]},{\"@type\":\"ImageObject\",\"inLanguage\":\"de\",\"@id\":\"https:\\\/\\\/luxrollers.lu\\\/calendrier\\\/#primaryimage\",\"url\":\"https:\\\/\\\/luxrollers.lu\\\/wp-content\\\/uploads\\\/2026\\\/04\\\/Capture-decran-2026-04-21-a-18.30.06.png\",\"contentUrl\":\"https:\\\/\\\/luxrollers.lu\\\/wp-content\\\/uploads\\\/2026\\\/04\\\/Capture-decran-2026-04-21-a-18.30.06.png\"},{\"@type\":\"BreadcrumbList\",\"@id\":\"https:\\\/\\\/luxrollers.lu\\\/calendrier\\\/#breadcrumb\",\"itemListElement\":[{\"@type\":\"ListItem\",\"position\":1,\"name\":\"Home\",\"item\":\"https:\\\/\\\/luxrollers.lu\\\/\"},{\"@type\":\"ListItem\",\"position\":2,\"name\":\"Calendrier\"}]},{\"@type\":\"WebSite\",\"@id\":\"https:\\\/\\\/luxrollers.lu\\\/#website\",\"url\":\"https:\\\/\\\/luxrollers.lu\\\/\",\"name\":\"Lux Rollers\",\"description\":\"\",\"publisher\":{\"@id\":\"https:\\\/\\\/luxrollers.lu\\\/#organization\"},\"potentialAction\":[{\"@type\":\"SearchAction\",\"target\":{\"@type\":\"EntryPoint\",\"urlTemplate\":\"https:\\\/\\\/luxrollers.lu\\\/?s={search_term_string}\"},\"query-input\":{\"@type\":\"PropertyValueSpecification\",\"valueRequired\":true,\"valueName\":\"search_term_string\"}}],\"inLanguage\":\"de\"},{\"@type\":\"Organization\",\"@id\":\"https:\\\/\\\/luxrollers.lu\\\/#organization\",\"name\":\"Lux Rollers\",\"url\":\"https:\\\/\\\/luxrollers.lu\\\/\",\"logo\":{\"@type\":\"ImageObject\",\"inLanguage\":\"de\",\"@id\":\"https:\\\/\\\/luxrollers.lu\\\/#\\\/schema\\\/logo\\\/image\\\/\",\"url\":\"https:\\\/\\\/luxrollers.lu\\\/wp-content\\\/uploads\\\/2026\\\/03\\\/cropped-cropped-Logo-Coeur-Luxrollers-pdf-copie.png\",\"contentUrl\":\"https:\\\/\\\/luxrollers.lu\\\/wp-content\\\/uploads\\\/2026\\\/03\\\/cropped-cropped-Logo-Coeur-Luxrollers-pdf-copie.png\",\"width\":512,\"height\":512,\"caption\":\"Lux Rollers\"},\"image\":{\"@id\":\"https:\\\/\\\/luxrollers.lu\\\/#\\\/schema\\\/logo\\\/image\\\/\"}}]}<\/script>\n<!-- \/ Yoast SEO plugin. -->","yoast_head_json":{"title":"Calendrier - Lux Rollers","robots":{"index":"index","follow":"follow","max-snippet":"max-snippet:-1","max-image-preview":"max-image-preview:large","max-video-preview":"max-video-preview:-1"},"canonical":"https:\/\/luxrollers.lu\/de\/calendrier\/","og_locale":"de_DE","og_type":"article","og_title":"Calendrier - Lux Rollers","og_description":"Calendrier des entra\u00eenements, des matchs de championnat et de coupe, ainsi que des r\u00e9unions du comit\u00e9, des d\u00e9monstrations et autres [&hellip;]","og_url":"https:\/\/luxrollers.lu\/de\/calendrier\/","og_site_name":"Lux Rollers","article_modified_time":"2026-04-30T08:47:58+00:00","og_image":[{"url":"https:\/\/luxrollers.lu\/wp-content\/uploads\/2026\/04\/Capture-decran-2026-04-21-a-18.30.06.png","type":"","width":"","height":""}],"twitter_card":"summary_large_image","twitter_misc":{"Gesch\u00e4tzte Lesezeit":"1\u00a0Minute"},"schema":{"@context":"https:\/\/schema.org","@graph":[{"@type":"WebPage","@id":"https:\/\/luxrollers.lu\/calendrier\/","url":"https:\/\/luxrollers.lu\/calendrier\/","name":"Calendrier - Lux Rollers","isPartOf":{"@id":"https:\/\/luxrollers.lu\/#website"},"primaryImageOfPage":{"@id":"https:\/\/luxrollers.lu\/calendrier\/#primaryimage"},"image":{"@id":"https:\/\/luxrollers.lu\/calendrier\/#primaryimage"},"thumbnailUrl":"https:\/\/luxrollers.lu\/wp-content\/uploads\/2026\/04\/Capture-decran-2026-04-21-a-18.30.06.png","datePublished":"2026-03-27T12:13:35+00:00","dateModified":"2026-04-30T08:47:58+00:00","breadcrumb":{"@id":"https:\/\/luxrollers.lu\/calendrier\/#breadcrumb"},"inLanguage":"de","potentialAction":[{"@type":"ReadAction","target":["https:\/\/luxrollers.lu\/calendrier\/"]}]},{"@type":"ImageObject","inLanguage":"de","@id":"https:\/\/luxrollers.lu\/calendrier\/#primaryimage","url":"https:\/\/luxrollers.lu\/wp-content\/uploads\/2026\/04\/Capture-decran-2026-04-21-a-18.30.06.png","contentUrl":"https:\/\/luxrollers.lu\/wp-content\/uploads\/2026\/04\/Capture-decran-2026-04-21-a-18.30.06.png"},{"@type":"BreadcrumbList","@id":"https:\/\/luxrollers.lu\/calendrier\/#breadcrumb","itemListElement":[{"@type":"ListItem","position":1,"name":"Home","item":"https:\/\/luxrollers.lu\/"},{"@type":"ListItem","position":2,"name":"Calendrier"}]},{"@type":"WebSite","@id":"https:\/\/luxrollers.lu\/#website","url":"https:\/\/luxrollers.lu\/","name":"Lux Rollers","description":"","publisher":{"@id":"https:\/\/luxrollers.lu\/#organization"},"potentialAction":[{"@type":"SearchAction","target":{"@type":"EntryPoint","urlTemplate":"https:\/\/luxrollers.lu\/?s={search_term_string}"},"query-input":{"@type":"PropertyValueSpecification","valueRequired":true,"valueName":"search_term_string"}}],"inLanguage":"de"},{"@type":"Organization","@id":"https:\/\/luxrollers.lu\/#organization","name":"Lux Rollers","url":"https:\/\/luxrollers.lu\/","logo":{"@type":"ImageObject","inLanguage":"de","@id":"https:\/\/luxrollers.lu\/#\/schema\/logo\/image\/","url":"https:\/\/luxrollers.lu\/wp-content\/uploads\/2026\/03\/cropped-cropped-Logo-Coeur-Luxrollers-pdf-copie.png","contentUrl":"https:\/\/luxrollers.lu\/wp-content\/uploads\/2026\/03\/cropped-cropped-Logo-Coeur-Luxrollers-pdf-copie.png","width":512,"height":512,"caption":"Lux Rollers"},"image":{"@id":"https:\/\/luxrollers.lu\/#\/schema\/logo\/image\/"}}]}},"_links":{"self":[{"href":"https:\/\/luxrollers.lu\/de\/wp-json\/wp\/v2\/pages\/70","targetHints":{"allow":["GET"]}}],"collection":[{"href":"https:\/\/luxrollers.lu\/de\/wp-json\/wp\/v2\/pages"}],"about":[{"href":"https:\/\/luxrollers.lu\/de\/wp-json\/wp\/v2\/types\/page"}],"author":[{"embeddable":true,"href":"https:\/\/luxrollers.lu\/de\/wp-json\/wp\/v2\/users\/1"}],"replies":[{"embeddable":true,"href":"https:\/\/luxrollers.lu\/de\/wp-json\/wp\/v2\/comments?post=70"}],"version-history":[{"count":113,"href":"https:\/\/luxrollers.lu\/de\/wp-json\/wp\/v2\/pages\/70\/revisions"}],"predecessor-version":[{"id":1292,"href":"https:\/\/luxrollers.lu\/de\/wp-json\/wp\/v2\/pages\/70\/revisions\/1292"}],"wp:attachment":[{"href":"https:\/\/luxrollers.lu\/de\/wp-json\/wp\/v2\/media?parent=70"}],"curies":[{"name":"wp","href":"https:\/\/api.w.org\/{rel}","templated":true}]}}